{"id":17,"date":"2016-05-04T09:14:30","date_gmt":"2016-05-04T15:14:30","guid":{"rendered":"http:\/\/www.musicalmollet.com\/wordpress\/?page_id=17"},"modified":"2016-05-04T09:14:30","modified_gmt":"2016-05-04T15:14:30","slug":"envio-y-devoluciones","status":"publish","type":"page","link":"https:\/\/www.musicalmollet.com\/index.php\/envio-y-devoluciones\/","title":{"rendered":"Env\u00edo y devoluciones"},"content":{"rendered":"<p><b>Condiciones generales de contrataci\u00f3n<\/b><\/p>\n<p>Las presentes Condiciones Generales de Contrataci\u00f3n est\u00e1n sujetas a lo dispuesto en la Ley 34\/2002, de 11 de julio, de servicios de la sociedad de la informaci\u00f3n y de comercio electr\u00f3nico (en adelante, la \u00abLey 34\/2002\u00bb), as\u00ed como en la Ley 7\/1998, de 13 de abril, de Condiciones Generales de Contrataci\u00f3n, entre otra normativa que resulte aplicable.<br \/>\nA continuaci\u00f3n se expone el documento contractual que regir\u00e1 la contrataci\u00f3n de productos y servicios a trav\u00e9s de la p\u00e1gina web www.musicalmollet.com de la que es titular la sociedad Zarrias Torrico, S.A.L (en adelante, el \u00abPrestador\u00bb o la \u00abSociedad\u00bb). La aceptaci\u00f3n del presente documento implicar\u00e1 que, el usuario:<br \/>\na) Ha le\u00eddo, entiende y comprende lo aqu\u00ed expuesto;<br \/>\nb) Es una persona con capacidad suficiente para contratar seg&amp;uacte;n lo establecido en el C\u00f3digo Civil Espa?ol; y que<br \/>\nc) Asume todas las obligaciones aqu\u00ed dispuestas. Las condiciones generales de contrataci\u00f3n de la Sociedad, tal y como se exponen seguidamente, tendr\u00e1n un periodo de validez con car\u00e1cter indefinido y ser\u00e1n aplicables a todas las contrataciones realizadas a trav\u00e9s de la p\u00e1gina web www.musicalmollet.com, cuya titularidad pertenece al Prestador. \u00c9ste se reserva por la presente el derecho de modificar unilateralmente dichas condiciones, sin que ello pueda afectar a los bienes o promociones que fueron adquiridos por los usuarios previamente a la modificaci\u00f3n.<\/p>\n<p><b>PRIMERA.- Identidad de las partes<\/b><\/p>\n<p>Por una parte, el proveedor de los bienes o servicios contratados por el usuario es Zarrias Torrico, S.A.L, con domicilio social en Jaume I 111, 08100, Mollet del Vall\u00e9s. Tiene C.I.F. n\u00famero A-60672565, y con tel\u00e9fono de atenci\u00f3n al cliente 935932597, y direcci\u00f3n de correo electr\u00f3nico musicalmollet@gmail.com. Y de otra parte, el usuario, registrado en la p\u00e1gina web mediante un nombre de usuario y contrase?a, sobre los que tiene responsabilidad plena de uso y custodia, siendo responsable de la veracidad de los datos personales facilitados al Prestador.<\/p>\n<p><b>SEGUNDA.- Objeto del Contrato<\/b><\/p>\n<p>El presente contrato tiene por objeto regular la relaci\u00f3n contractual de compra-venta de productos entre el Prestador y el usuario nacida en el momento en que \u00e9ste acepta durante el proceso de contrataci\u00f3n online la casilla correspondiente, mediante la confirmaci\u00f3n de la compra a trav\u00e9s de la p\u00e1gina web antes referida.<\/p>\n<p><b>TERCERA.- PROCEDIMIENTO DE CONTRATACI\u00d3N<\/b><\/p>\n<p>El procedimiento de contrataci\u00f3n \u00fanicamente podr\u00e1 ser realizado en el idioma castellano. En caso de que pudiera llevarse a cabo en otro idioma ser\u00e1 indicado de forma expresa en la p\u00e1gina web antes de iniciar el procedimiento de contrataci\u00f3n. El usuario para poder acceder a los productos o servicios ofrecidos por el Prestador deber\u00e1, en primer lugar, darse de alta a trav\u00e9s de la p\u00e1gina web www.musicalmollet.com. A tal efecto, el usuario deber\u00e1 completar ciertas casillas que aparecer\u00e1n en la p\u00e1gina web solicit\u00e1ndole, entre otros: su nombre y apellidos, su correo electr\u00f3nico as\u00ed como los datos de la tarjeta de cr\u00e9dito. Para ello, el usuario deber\u00e1 proporcionar de manera libre y voluntaria aquellos datos personales que le sean requeridos. El usuario seleccionar\u00e1 un nombre de usuario y una contrase?a, comprometi\u00e9ndose a hacer uso diligente de los mismos, y a no ponerlos a disposici\u00f3n de terceros, as\u00ed como a comunicar al Prestador tanto la p\u00e9rdida o robo de los mismos como del posible acceso por un tercero no autorizado, de tal forma que el Prestador pueda proceder al bloqueo inmediato tanto del nombre de usuario como de la contrase?a.<\/p>\n<p>El usuario no podr\u00e1 elegir como nombre de usuario palabras que tengan como fin o puedan confundir a otros que ya sean miembros integrantes del Prestador, as\u00ed como tampoco podr\u00e1 elegir expresiones malsonantes, injuriosas y en general, contrarias a la ley o a las exigencias de la moral y buenas costumbres. Una vez haya sido creada la cuenta de usuario, se informar\u00e1 al mismo que de conformidad con lo dispuesto en el art. 27 de la Ley 34\/2002 de Servicios de la Sociedad de la Informaci\u00f3n y del Comercio Electr\u00f3nico, el procedimiento de contrataci\u00f3n consistir\u00e1 en los siguientes pasos:<br \/>\na) El usuario, para poder contratar, tendr\u00e1 que registrarse, siguiendo las normas establecidas en las presentes condiciones, en la web www.musicalmollet.com. En caso contrario, no podr\u00e1 adquirir\/contratar ninguna oferta de la p\u00e1gina web;<br \/>\nb) Una vez registrado y comprobado que todos los datos incluidos son correctos, el usuario buscar\u00e1 la oferta que le pueda interesar adquirir y leer\u00e1 la informaci\u00f3n existente sobre la misma y, asimismo, comprobar\u00e1 que todav\u00eda se encuentra dentro del plazo para efectuar la compra;<br \/>\nc) Cuando el usuario tenga decidido seguir adelante con la compra, har\u00e1 click en la imagen denominada \u00abcompra\u00bb. Una vez seleccionada dicha casilla, se abrir\u00e1 una nueva pantalla en la que:<br \/>\ni) Se especificar\u00e1 la cantidad que desea comprar sobre el producto o servicio que se oferta.<br \/>\nii) Se solicitar\u00e1n los datos personales del usuario: &#8211; Nombre &#8211; Apellidos &#8211; Direcci\u00f3n de correo electr\u00f3nico &#8211; Direcci\u00f3n postal &#8211; Ciudad &#8211; C\u00f3digo postal<br \/>\n&#8211; Tel\u00e9fono de contacto de los datos personas solicitados con anterioridad, s\u00f3lo el tel\u00e9fono de contacto del usuario ser\u00e1 considerado como un dato potestativo y, por tanto, no obligatorio de proporcionar por parte del usuario. Asimismo, dentro de la informaci\u00f3n requerida en el apartado de los datos personales, el usuario deber\u00e1 comunicar a la Sociedad, completando o no la opci\u00f3n \u00abEnviarme ofertas diarias\u00bb a trav\u00e9s de un click, si acepta la recepci\u00f3n de nuevas ofertas que vayan apareciendo en cada momento en la p\u00e1gina web www.musicalmollet.com. De cara a poder realizarse con \u00e9xito la compra de los correspondientes productos ser\u00e1 imprescindible que el usuario acepte expresamente, haciendo un click en la casilla correspondiente, los t\u00e9rminos y condiciones de uso de la p\u00e1gina web www.musicalmollet.com. que, asimismo, pueden desplegarse al seleccionar la opci\u00f3n \u00abAcepto los t\u00e9rminos y condiciones de uso\u00bb. En el caso de no estar conforme con dichos t\u00e9rminos y condiciones de uso, el usuario no podr\u00e1 efectuar la compra deseada de la oferta correspondiente. En segundo lugar, una vez introducidos los datos referidos con anterioridad, deber\u00e1 el usuario hacer click en la casilla correspondiente que aparece en pantalla con el mensaje de \u00abCompletar\u00bb, mediante la cual se re-direccionar\u00e1 al usuario a la pasarela de pedido. Por \u00faltimo, una vez realizado el pedido, la compra habr\u00e1 sido completada. El usuario recibir\u00e1 un e-mail de confirmaci\u00f3n de la compra en el correo electr\u00f3nico facilitado para poder utilizar \/ recoger el servicio \/ producto adquirido a trav\u00e9s de las ofertas incluidas en www.musicalmollet.com. En todo caso la plataforma de contrataci\u00f3n del Prestador informar\u00e1 al usuario, una vez finalizado el procedimiento de contrataci\u00f3n, v\u00eda correo electr\u00f3nico respecto a todas las caracter\u00edsticas, precio, formas de transporte, fecha de contrataci\u00f3n y, en su caso, forma de recoger o utilizar el producto o servicio contratado.<br \/>\n<b>CUARTA.- Entrega de pedidos<\/b><\/p>\n<p>En aquellos casos en que el usuario haya adquirido un cup\u00f3n que le d\u00e9 derecho a adquirir un producto del Socio, la entrega de los pedidos se realizar\u00e1 en el domicilio de entrega designado libremente por el usuario en el apartado de datos personales. De tal forma, el Prestador no asumir\u00e1 responsabilidad alguna en aquellos supuestos en los que la entrega del producto no llegue a realizarse como consecuencia de que los datos facilitados por el usuario sean falsos, inexactos o incompletos o, incluso, cuando la entrega de los pedidos no pueda efectuarse por causas ajenas a la empresa de env\u00edos asignada a tal efecto, como por ejemplo, por la ausencia de la indicaci\u00f3n del destinatario. Sin perjuicio de lo anterior, el Prestador deber\u00e1 adoptar aquellas medidas que se encuentren a su alcance, para que la entrega de los pedidos pueda efectuarse en el tiempo acordado, y de no ser as\u00ed, lo antes posible, a satisfacci\u00f3n del destinatario, sin que pueda exig\u00edrsele responsabilidad alguna al Prestador en ning\u00fan momento, al corresponder exclusivamente a los Socios la obligaci\u00f3n de entregar dichos productos ofrecidos en la oferta. En el caso de que se haya adquirido un servicio con la oferta que no conlleve la entrega f\u00edsica de ning\u00fan tipo de producto, se descargar\u00e1 directamente un cup\u00f3n de la p\u00e1gina web www.musicalmollet.com. que ser\u00e1 canjeable en la direcci\u00f3n o direcciones especificadas por el Socio en el correspondiente cup\u00f3n.<\/p>\n<p><b>QUINTA.- Precio y plazo de validez de la oferta<\/b><\/p>\n<p>Los precios que se indican respecto a cada producto o servicio incluyen el Impuesto sobre el Valor A?adido (IVA) u otros impuestos que pudieran ser aplicables y en todo caso se expresar\u00e1n en la moneda Euro. Dichos precios, salvo que se indique expresamente lo contrario, no incluir\u00e1n los gastos de env\u00edo, manipulaci\u00f3n, envoltorio, seguro de env\u00edos o cualesquiera otros servicios adicionales y anexos al producto o servicio adquirido. Los precios aplicables a cada producto o servicio ser\u00e1n los publicados en la p\u00e1gina web, los cuales se aplicar\u00e1n de forma autom\u00e1tica sigui\u00e9ndose la \u00faltima fase del procedimiento de contrataci\u00f3n. El usuario asumir\u00e1 que en todo caso la valoraci\u00f3n econ\u00f3mica de algunos de los productos o servicios podr\u00e1 variar en tiempo real. En todo caso esto ser\u00e1 siempre comunicado previamente a los usuarios. Todo pago realizado al Prestador conllevar\u00e1 la emisi\u00f3n de una factura o justificante a nombre del usuario registrado, seg\u00fan establezca la normativa tributaria aplicable. Dicha factura o justificante ser\u00e1 autom\u00e1ticamente remitido a la direcci\u00f3n de correo electr\u00f3nico proporcionada por el usuario, junto al cup\u00f3n relativo al producto o servicio contratado. Para cualquier informaci\u00f3n sobre el pedido, el usuario contar\u00e1 con el tel\u00e9fono de atenci\u00f3n a clientes del Prestador que es 935932597 , pudiendo asimismo contactar por correo electr\u00f3nico a la direcci\u00f3n de e-mail musicalmollet@gmail.com. En todo caso deber\u00e1 indicar a la teleoperadora o en el asunto del mensaje, respectivamente, el n\u00famero del pedido correspondiente que le fue asignado e indicado en el correo electr\u00f3nico de confirmaci\u00f3n de la compra.<\/p>\n<p><b>SEXTA.- DURACI\u00d3N Y CONDICIONES<\/b><\/p>\n<p>La venta de productos o servicios que se ofertan en la p\u00e1gina web www.musicalmollet.com pueden ser de car\u00e1cter temporal. Transcurrido el citado periodo temporal ya no ser\u00e1 posible la compra y las ofertas ser\u00e1n retiradas de la p\u00e1gina web. Las ofertas y descuentos ofrecidos por los anunciantes estar\u00e1n condicionadas a los t\u00e9rminos que \u00e9stos hayan establecido en cada caso. La prestaci\u00f3n del servicio ser\u00e1 realizada \u00fanica y exclusivamente por parte del Socio, por lo que el usuario deber\u00e1 dirigirse a \u00e9:l para formular cualquier reclamaci\u00f3n.<\/p>\n<p><b>S\u00c9PTIMA.- Derecho de desistimiento<\/b><\/p>\n<p>El usuario dispondr\u00e1 de un plazo de 7 d\u00edas h\u00e1biles contados a partir de la fecha de pago y, por tanto, de la contrataci\u00f3n del producto o servicio a entregar o a prestar, respectivamente, por parte del correspondiente Socio, para poder desistir de la oferta suscrita. Transcurrido ese plazo, no se podr\u00e1n realizar devoluciones ni cancelaciones.<\/p>\n<p><b>OCTAVA.- NULIDAD Y EFICACIA DE LAS CL\u00c1USULAS<\/b><\/p>\n<p>Si cualquier cl\u00e1usula incluida en las presentes Condiciones Generales de Contrataci\u00f3n fuese declarada, total o parcialmente, nula o ineficaz, tal nulidad o ineficacia afectar\u00e1 tan s\u00f3lo a dicha disposici\u00f3n o a la parte de la misma que resulte nula o ineficaz, subsistiendo el resto de las cl\u00e1usulas, teni\u00e9ndose tal cl\u00e1usula, o la parte de la misma que resultase afectada, por no puesta.<\/p>\n<p><b>NOVENA.- MODIFICACI\u00d3N DE LAS CONDICIONES<\/b><\/p>\n<p>Zarrias Torrico, S.A.L se reserva el derecho de modificar las presentes Condiciones Generales de Contrataci\u00f3n. En este sentido, \u00e9stas permanecer\u00e1n siempre a disposici\u00f3n de los usuarios para que, en cualquier momento, puedan consultarlas. En todo caso, las Condiciones Generales de Contrataci\u00f3n vigentes en cada momento ser\u00e1n obligatorias y vincular\u00e1n al usuario y a Zarrias Torrido, S.A.L<\/p>\n<p><b>D\u00c9CIMA.- GARANT\u00cdAS APLICABLES<\/b><\/p>\n<p>Todos los productos ofertados a trav\u00e9s de la p\u00e1gina web ser\u00e1n completamente originales, salvo que se indique lo contrario en su descripci\u00f3n. Asimismo, todos ellos contar\u00e1n con un periodo de garant\u00eda de 2 a?os desde la recepci\u00f3n del producto, conforme a los criterios y condiciones descritas en el Real Decreto Legislativo 1\/2007, de 16 de noviembre, por el que se aprueba el texto refundido de la Ley General para la Defensa de los Consumidores y Usuarios y otras leyes complementarias que sean de aplicaci\u00f3n. Dicha garant\u00eda ser\u00e1 prestada por el Socio que ha prestado \/ vendido el servicio \/ producto.<\/p>\n<p><b>UND\u00c9CIMA.- Ley aplicable y jurisdicci\u00f3n<\/b><br \/>\nEstas condiciones se regir\u00e1n o interpretar\u00e1n conforme a la legislaci\u00f3n espa?ola. El Prestador y el usuario, siempre y cuando \u00e9ste sea considerado un consumidor conforme a la legislaci\u00f3n espa?ola, acuerdan someter cualquier controversia que pudiera suscitarse de la interpretaci\u00f3n de las presentes condiciones generales de contrataci\u00f3n, relativas a la comercializaci\u00f3n por parte de la Sociedad de los productos a los Juzgados y Tribunales correspondientes a la residencia habitual del usuario de conformidad con lo establecido con lo dispuesto en la Ley 34\/2002, entre otra normativa aplicable. Por otra parte, en el caso de que el usuario sea un empresario o profesional, tanto el Prestador como el usuario, renuncian en este acto y de forma expresa a cualquier otro foro distinto que no se corresponda con los Juzgados y Tribunales de (Espa\u00f1a).<\/p>\n<p>&nbsp;<\/p>\n","protected":false},"excerpt":{"rendered":"<p>Condiciones generales de contrataci\u00f3n Las presentes Condiciones Generales de Contrataci\u00f3n est\u00e1n sujetas a lo dispuesto en la Ley 34\/2002, de 11 de julio, de servicios de la sociedad de la informaci\u00f3n y de comercio electr\u00f3nico (en adelante, la \u00abLey 34\/2002\u00bb), as\u00ed como en la Ley 7\/1998, de 13 de abril, de Condiciones Generales de Contrataci\u00f3n, [&hellip;]<\/p>\n","protected":false},"author":102,"featured_media":0,"parent":0,"menu_order":0,"comment_status":"closed","ping_status":"closed","template":"","meta":{"om_disable_all_campaigns":false,"footnotes":""},"class_list":["post-17","page","type-page","status-publish","hentry"],"aioseo_notices":[],"_links":{"self":[{"href":"https:\/\/www.musicalmollet.com\/index.php\/wp-json\/wp\/v2\/pages\/17","targetHints":{"allow":["GET"]}}],"collection":[{"href":"https:\/\/www.musicalmollet.com\/index.php\/wp-json\/wp\/v2\/pages"}],"about":[{"href":"https:\/\/www.musicalmollet.com\/index.php\/wp-json\/wp\/v2\/types\/page"}],"author":[{"embeddable":true,"href":"https:\/\/www.musicalmollet.com\/index.php\/wp-json\/wp\/v2\/users\/102"}],"replies":[{"embeddable":true,"href":"https:\/\/www.musicalmollet.com\/index.php\/wp-json\/wp\/v2\/comments?post=17"}],"version-history":[{"count":1,"href":"https:\/\/www.musicalmollet.com\/index.php\/wp-json\/wp\/v2\/pages\/17\/revisions"}],"predecessor-version":[{"id":18,"href":"https:\/\/www.musicalmollet.com\/index.php\/wp-json\/wp\/v2\/pages\/17\/revisions\/18"}],"wp:attachment":[{"href":"https:\/\/www.musicalmollet.com\/index.php\/wp-json\/wp\/v2\/media?parent=17"}],"curies":[{"name":"wp","href":"https:\/\/api.w.org\/{rel}","templated":true}]}}