{"id":104,"date":"2025-06-19T02:23:30","date_gmt":"2025-06-19T00:23:30","guid":{"rendered":"http:\/\/www.musicalmollet.com\/wordpress\/?post_type=product&#038;p=104"},"modified":"2025-06-19T18:41:06","modified_gmt":"2025-06-19T16:41:06","slug":"boquilla-vandoren-clarinete-5rv-lira-profile","status":"publish","type":"product","link":"https:\/\/www.musicalmollet.com\/index.php\/producto\/boquilla-vandoren-clarinete-5rv-lira-profile\/","title":{"rendered":"BOQUILLA VANDOREN CLARINETE 5RV LIRA PROFILE CM 3028"},"content":{"rendered":"<ul class=\"prod-features\">\n<li>Fabricada en ebonita negra<\/li>\n<li>Abertura de boca: 109+ (1\/100 mm)<\/li>\n<li>Punta m\u00e1s fina y faceta modificada<\/li>\n<li>Respuesta suave, f\u00e1cil de controlar<\/li>\n<li>Id\u00f3nea para m\u00fasica sinf\u00f3nica y de c\u00e1mara<\/li>\n<\/ul>\n","protected":false},"excerpt":{"rendered":"<p>Fabricada en ebonita negra Abertura de boca: 109+ (1\/100 mm) Punta m\u00e1s fina y faceta modificada Respuesta suave, f\u00e1cil de controlar Id\u00f3nea para m\u00fasica sinf\u00f3nica y de c\u00e1mara<\/p>\n","protected":false},"featured_media":5280,"comment_status":"open","ping_status":"closed","template":"","meta":{"om_disable_all_campaigns":false},"product_cat":[13,86],"product_tag":[266],"class_list":["post-104","product","type-product","status-publish","has-post-thumbnail","hentry","product_cat-accesorioviento","product_cat-boquillas-clarinete","product_tag-accesorios-viento"],"aioseo_notices":[],"_links":{"self":[{"href":"https:\/\/www.musicalmollet.com\/index.php\/wp-json\/wp\/v2\/product\/104","targetHints":{"allow":["GET"]}}],"collection":[{"href":"https:\/\/www.musicalmollet.com\/index.php\/wp-json\/wp\/v2\/product"}],"about":[{"href":"https:\/\/www.musicalmollet.com\/index.php\/wp-json\/wp\/v2\/types\/product"}],"replies":[{"embeddable":true,"href":"https:\/\/www.musicalmollet.com\/index.php\/wp-json\/wp\/v2\/comments?post=104"}],"wp:featuredmedia":[{"embeddable":true,"href":"https:\/\/www.musicalmollet.com\/index.php\/wp-json\/wp\/v2\/media\/5280"}],"wp:attachment":[{"href":"https:\/\/www.musicalmollet.com\/index.php\/wp-json\/wp\/v2\/media?parent=104"}],"wp:term":[{"taxonomy":"product_cat","embeddable":true,"href":"https:\/\/www.musicalmollet.com\/index.php\/wp-json\/wp\/v2\/product_cat?post=104"},{"taxonomy":"product_tag","embeddable":true,"href":"https:\/\/www.musicalmollet.com\/index.php\/wp-json\/wp\/v2\/product_tag?post=104"}],"curies":[{"name":"wp","href":"https:\/\/api.w.org\/{rel}","templated":true}]}}