{"id":1132,"date":"2016-05-11T10:27:17","date_gmt":"2016-05-11T08:27:17","guid":{"rendered":"http:\/\/www.musicalmollet.com\/wordpress\/?post_type=product&#038;p=1132"},"modified":"2019-11-16T12:30:14","modified_gmt":"2019-11-16T11:30:14","slug":"saxo-alto-jupiter-jas-567-gl","status":"publish","type":"product","link":"https:\/\/www.musicalmollet.com\/index.php\/producto\/saxo-alto-jupiter-jas-567-gl\/","title":{"rendered":"SAXO ALTO JUPITER JAS 567.GL"},"content":{"rendered":"<p>JAS-567GL. SAXOF\u00d3N ALTO J\u00daPITER. Lacado. Con Fa# agudo. Apoyapulgar regulable para una mejor adaptaci\u00f3n en funci\u00f3n de la morfolog\u00eda de la mano. Codo desmontable. Resonadores met\u00e1licos. Si\/Do# articulados. Muelles de acero. Zapatillas de calidad en cuero PISONI. Estuche de alta resistencia. Boquilla, ca\u00f1as Vandoren y cord\u00f3n. El saxo JUPITER JAS-565 obtuvo en el 2004 el premio MIA Awards que le acredita como mejor instrumento de viento. Bien equilibrado y f\u00e1cil de tocar, el JAS-565 ofrece muchas de las cualidades de las gamas superiores. Con una excelente relaci\u00f3n calidad-precio, este instrumento se convierte en un valor seguro para los primeros a\u00f1os<\/p>\n","protected":false},"excerpt":{"rendered":"<p>JAS-567GL. SAXOF\u00d3N ALTO J\u00daPITER. Lacado. Con Fa# agudo. Apoyapulgar regulable para una mejor adaptaci\u00f3n en funci\u00f3n de la morfolog\u00eda de la mano. Codo desmontable. Resonadores met\u00e1licos. Si\/Do# articulados. Muelles de acero. Zapatillas de calidad en cuero PISONI. Estuche de alta resistencia. Boquilla, ca\u00f1as Vandoren y cord\u00f3n. El saxo JUPITER JAS-565 obtuvo en el 2004 el [&hellip;]<\/p>\n","protected":false},"featured_media":1133,"comment_status":"open","ping_status":"closed","template":"","meta":{"om_disable_all_campaigns":false},"product_cat":[63],"product_tag":[151],"class_list":["post-1132","product","type-product","status-publish","has-post-thumbnail","hentry","product_cat-saxofones","product_tag-saxo"],"aioseo_notices":[],"_links":{"self":[{"href":"https:\/\/www.musicalmollet.com\/index.php\/wp-json\/wp\/v2\/product\/1132","targetHints":{"allow":["GET"]}}],"collection":[{"href":"https:\/\/www.musicalmollet.com\/index.php\/wp-json\/wp\/v2\/product"}],"about":[{"href":"https:\/\/www.musicalmollet.com\/index.php\/wp-json\/wp\/v2\/types\/product"}],"replies":[{"embeddable":true,"href":"https:\/\/www.musicalmollet.com\/index.php\/wp-json\/wp\/v2\/comments?post=1132"}],"wp:featuredmedia":[{"embeddable":true,"href":"https:\/\/www.musicalmollet.com\/index.php\/wp-json\/wp\/v2\/media\/1133"}],"wp:attachment":[{"href":"https:\/\/www.musicalmollet.com\/index.php\/wp-json\/wp\/v2\/media?parent=1132"}],"wp:term":[{"taxonomy":"product_cat","embeddable":true,"href":"https:\/\/www.musicalmollet.com\/index.php\/wp-json\/wp\/v2\/product_cat?post=1132"},{"taxonomy":"product_tag","embeddable":true,"href":"https:\/\/www.musicalmollet.com\/index.php\/wp-json\/wp\/v2\/product_tag?post=1132"}],"curies":[{"name":"wp","href":"https:\/\/api.w.org\/{rel}","templated":true}]}}