{"id":1134,"date":"2016-05-11T10:28:49","date_gmt":"2016-05-11T08:28:49","guid":{"rendered":"http:\/\/www.musicalmollet.com\/wordpress\/?post_type=product&#038;p=1134"},"modified":"2019-11-16T12:29:49","modified_gmt":"2019-11-16T11:29:49","slug":"saxo-alto-jupiter-jas-500-q","status":"publish","type":"product","link":"https:\/\/www.musicalmollet.com\/index.php\/producto\/saxo-alto-jupiter-jas-500-q\/","title":{"rendered":"SAXO ALTO JUPITER JAS-500-Q"},"content":{"rendered":"<p>JAS500Q. SAXOF\u00d3N ALTO J\u00daPITER.<br \/>\nLacado.<br \/>\nCon Fa# agudo.<br \/>\nApoyapulgar regulable para una mejor adaptaci\u00f3n en funci\u00f3n de la morfolog\u00eda de la mano.<br \/>\nCodo desmontable.<br \/>\nResonadores met\u00e1licos.<br \/>\nSi\/Do# articulados.<br \/>\nMuelles de acero.<br \/>\nZapatillas de calidad en cuero PISONI.<br \/>\nEstuche ligero con correas para poder transportar tipo mochila.<br \/>\nBoquilla, ca\u00f1as Vandoren y cord\u00f3n. <\/p>\n<p>Bien equilibrado y f\u00e1cil de tocar, el JAS500Q ofrece muchas de las cualidades de las gamas superiores. Con una excelente relaci\u00f3n calidad-precio, este instrumento se convierte en un valor seguro para los primeros a\u00f1os. <\/p>\n","protected":false},"excerpt":{"rendered":"<p>JAS500Q. SAXOF\u00d3N ALTO J\u00daPITER. Lacado. Con Fa# agudo. Apoyapulgar regulable para una mejor adaptaci\u00f3n en funci\u00f3n de la morfolog\u00eda de la mano. Codo desmontable. Resonadores met\u00e1licos. Si\/Do# articulados. Muelles de acero. Zapatillas de calidad en cuero PISONI. Estuche ligero con correas para poder transportar tipo mochila. Boquilla, ca\u00f1as Vandoren y cord\u00f3n. Bien equilibrado y f\u00e1cil [&hellip;]<\/p>\n","protected":false},"featured_media":1135,"comment_status":"open","ping_status":"closed","template":"","meta":{"om_disable_all_campaigns":false},"product_cat":[63],"product_tag":[151],"class_list":["post-1134","product","type-product","status-publish","has-post-thumbnail","hentry","product_cat-saxofones","product_tag-saxo"],"aioseo_notices":[],"_links":{"self":[{"href":"https:\/\/www.musicalmollet.com\/index.php\/wp-json\/wp\/v2\/product\/1134","targetHints":{"allow":["GET"]}}],"collection":[{"href":"https:\/\/www.musicalmollet.com\/index.php\/wp-json\/wp\/v2\/product"}],"about":[{"href":"https:\/\/www.musicalmollet.com\/index.php\/wp-json\/wp\/v2\/types\/product"}],"replies":[{"embeddable":true,"href":"https:\/\/www.musicalmollet.com\/index.php\/wp-json\/wp\/v2\/comments?post=1134"}],"wp:featuredmedia":[{"embeddable":true,"href":"https:\/\/www.musicalmollet.com\/index.php\/wp-json\/wp\/v2\/media\/1135"}],"wp:attachment":[{"href":"https:\/\/www.musicalmollet.com\/index.php\/wp-json\/wp\/v2\/media?parent=1134"}],"wp:term":[{"taxonomy":"product_cat","embeddable":true,"href":"https:\/\/www.musicalmollet.com\/index.php\/wp-json\/wp\/v2\/product_cat?post=1134"},{"taxonomy":"product_tag","embeddable":true,"href":"https:\/\/www.musicalmollet.com\/index.php\/wp-json\/wp\/v2\/product_tag?post=1134"}],"curies":[{"name":"wp","href":"https:\/\/api.w.org\/{rel}","templated":true}]}}