{"id":1142,"date":"2016-05-11T10:33:34","date_gmt":"2016-05-11T16:33:34","guid":{"rendered":"http:\/\/www.musicalmollet.com\/wordpress\/?post_type=product&#038;p=1142"},"modified":"2022-03-29T18:30:18","modified_gmt":"2022-03-29T16:30:18","slug":"soporte-guitarra-pared-hercules","status":"publish","type":"product","link":"https:\/\/www.musicalmollet.com\/index.php\/producto\/soporte-guitarra-pared-hercules\/","title":{"rendered":"Soporte guitarra pared Hercules GSP-38WB PLUS"},"content":{"rendered":"<p>Soporte de guitarra a la pared H\u00e9rcules base de madera forrado para no da\u00f1ar el m\u00e1stil de la guitarra<\/p>\n","protected":false},"excerpt":{"rendered":"<p>Soporte de guitarra a la pared H\u00e9rcules base de madera forrado para no da\u00f1ar el m\u00e1stil de la guitarra<\/p>\n","protected":false},"featured_media":1143,"comment_status":"open","ping_status":"closed","template":"","meta":{"om_disable_all_campaigns":false},"product_cat":[135],"product_tag":[71,359],"class_list":["post-1142","product","type-product","status-publish","has-post-thumbnail","hentry","product_cat-soporte-guitarras","product_tag-guitarra","product_tag-soportes-varios"],"aioseo_notices":[],"_links":{"self":[{"href":"https:\/\/www.musicalmollet.com\/index.php\/wp-json\/wp\/v2\/product\/1142","targetHints":{"allow":["GET"]}}],"collection":[{"href":"https:\/\/www.musicalmollet.com\/index.php\/wp-json\/wp\/v2\/product"}],"about":[{"href":"https:\/\/www.musicalmollet.com\/index.php\/wp-json\/wp\/v2\/types\/product"}],"replies":[{"embeddable":true,"href":"https:\/\/www.musicalmollet.com\/index.php\/wp-json\/wp\/v2\/comments?post=1142"}],"wp:featuredmedia":[{"embeddable":true,"href":"https:\/\/www.musicalmollet.com\/index.php\/wp-json\/wp\/v2\/media\/1143"}],"wp:attachment":[{"href":"https:\/\/www.musicalmollet.com\/index.php\/wp-json\/wp\/v2\/media?parent=1142"}],"wp:term":[{"taxonomy":"product_cat","embeddable":true,"href":"https:\/\/www.musicalmollet.com\/index.php\/wp-json\/wp\/v2\/product_cat?post=1142"},{"taxonomy":"product_tag","embeddable":true,"href":"https:\/\/www.musicalmollet.com\/index.php\/wp-json\/wp\/v2\/product_tag?post=1142"}],"curies":[{"name":"wp","href":"https:\/\/api.w.org\/{rel}","templated":true}]}}