{"id":1189,"date":"2022-03-19T11:58:42","date_gmt":"2022-03-19T10:58:42","guid":{"rendered":"http:\/\/www.musicalmollet.com\/wordpress\/?post_type=product&#038;p=1189"},"modified":"2022-12-22T13:31:34","modified_gmt":"2022-12-22T12:31:34","slug":"violin-gliga-i-34","status":"publish","type":"product","link":"https:\/\/www.musicalmollet.com\/index.php\/producto\/violin-gliga-i-34\/","title":{"rendered":"VIOLIN GLIGA GENIAL  I 3\/4"},"content":{"rendered":"<p>Viol\u00edn de estudio hecho a mano en Ruman\u00eda Caracter\u00edsticas: Hecho a mano en Rumania. Arce escogido y abeto s\u00f3lidos de los C\u00e1rpatos Barnizado a mano al aceite. Acabado antiguo. El Set incluye un arco con nuez de \u00e9bano y un estuche forrado tipo mochila. Resina marca Petz. Tama\u00f1os disponibles: 4\/4, 3\/4, 1\/2 y 1\/4 Recomendado especialmente como viol\u00edn de estudio de nivel iniciaci\u00f3n-medio.<\/p>\n","protected":false},"excerpt":{"rendered":"<p>Viol\u00edn de estudio hecho a mano en Ruman\u00eda Caracter\u00edsticas: Hecho a mano en Rumania. Arce escogido y abeto s\u00f3lidos de los C\u00e1rpatos Barnizado a mano al aceite. Acabado antiguo. El Set incluye un arco con nuez de \u00e9bano y un estuche forrado tipo mochila. Resina marca Petz. Tama\u00f1os disponibles: 4\/4, 3\/4, 1\/2 y 1\/4 Recomendado [&hellip;]<\/p>\n","protected":false},"featured_media":1190,"comment_status":"open","ping_status":"closed","template":"","meta":{"om_disable_all_campaigns":false},"product_cat":[68],"product_tag":[149],"class_list":["post-1189","product","type-product","status-publish","has-post-thumbnail","hentry","product_cat-violines","product_tag-violin"],"aioseo_notices":[],"_links":{"self":[{"href":"https:\/\/www.musicalmollet.com\/index.php\/wp-json\/wp\/v2\/product\/1189","targetHints":{"allow":["GET"]}}],"collection":[{"href":"https:\/\/www.musicalmollet.com\/index.php\/wp-json\/wp\/v2\/product"}],"about":[{"href":"https:\/\/www.musicalmollet.com\/index.php\/wp-json\/wp\/v2\/types\/product"}],"replies":[{"embeddable":true,"href":"https:\/\/www.musicalmollet.com\/index.php\/wp-json\/wp\/v2\/comments?post=1189"}],"wp:featuredmedia":[{"embeddable":true,"href":"https:\/\/www.musicalmollet.com\/index.php\/wp-json\/wp\/v2\/media\/1190"}],"wp:attachment":[{"href":"https:\/\/www.musicalmollet.com\/index.php\/wp-json\/wp\/v2\/media?parent=1189"}],"wp:term":[{"taxonomy":"product_cat","embeddable":true,"href":"https:\/\/www.musicalmollet.com\/index.php\/wp-json\/wp\/v2\/product_cat?post=1189"},{"taxonomy":"product_tag","embeddable":true,"href":"https:\/\/www.musicalmollet.com\/index.php\/wp-json\/wp\/v2\/product_tag?post=1189"}],"curies":[{"name":"wp","href":"https:\/\/api.w.org\/{rel}","templated":true}]}}