{"id":127,"date":"2016-05-05T02:59:48","date_gmt":"2016-05-05T08:59:48","guid":{"rendered":"http:\/\/www.musicalmollet.com\/wordpress\/?post_type=product&#038;p=127"},"modified":"2016-05-05T02:59:48","modified_gmt":"2016-05-05T08:59:48","slug":"soporte-trompeta-hercules-ds510b","status":"publish","type":"product","link":"https:\/\/www.musicalmollet.com\/index.php\/producto\/soporte-trompeta-hercules-ds510b\/","title":{"rendered":"SOPORTE TROMPETA HERCULES DS510B"},"content":{"rendered":"<p>soporte-trompeta-hercules-ds-510-b SOPORTE TROMPETA HERCULES DS510B Soporte HERCULES para trompeta o corneta, ajustable y desmontable. Excelente estabilidad y de f\u00e1cil y pr\u00e1ctico desmontaje. Las patas m\u00f3viles se adaptan a otros soportes que haya a su alrededor Peso: 0.6kg Tama\u00f1o plegado: 330x99mm<\/p>\n","protected":false},"excerpt":{"rendered":"<p>soporte-trompeta-hercules-ds-510-b SOPORTE TROMPETA HERCULES DS510B Soporte HERCULES para trompeta o corneta, ajustable y desmontable. Excelente estabilidad y de f\u00e1cil y pr\u00e1ctico desmontaje. Las patas m\u00f3viles se adaptan a otros soportes que haya a su alrededor Peso: 0.6kg Tama\u00f1o plegado: 330x99mm<\/p>\n","protected":false},"featured_media":128,"comment_status":"open","ping_status":"closed","template":"","meta":{"om_disable_all_campaigns":false},"product_cat":[13,93],"product_tag":[152],"class_list":["post-127","product","type-product","status-publish","has-post-thumbnail","hentry","product_cat-accesorioviento","product_cat-soporte-trompeta","product_tag-trompeta"],"aioseo_notices":[],"_links":{"self":[{"href":"https:\/\/www.musicalmollet.com\/index.php\/wp-json\/wp\/v2\/product\/127","targetHints":{"allow":["GET"]}}],"collection":[{"href":"https:\/\/www.musicalmollet.com\/index.php\/wp-json\/wp\/v2\/product"}],"about":[{"href":"https:\/\/www.musicalmollet.com\/index.php\/wp-json\/wp\/v2\/types\/product"}],"replies":[{"embeddable":true,"href":"https:\/\/www.musicalmollet.com\/index.php\/wp-json\/wp\/v2\/comments?post=127"}],"wp:featuredmedia":[{"embeddable":true,"href":"https:\/\/www.musicalmollet.com\/index.php\/wp-json\/wp\/v2\/media\/128"}],"wp:attachment":[{"href":"https:\/\/www.musicalmollet.com\/index.php\/wp-json\/wp\/v2\/media?parent=127"}],"wp:term":[{"taxonomy":"product_cat","embeddable":true,"href":"https:\/\/www.musicalmollet.com\/index.php\/wp-json\/wp\/v2\/product_cat?post=127"},{"taxonomy":"product_tag","embeddable":true,"href":"https:\/\/www.musicalmollet.com\/index.php\/wp-json\/wp\/v2\/product_tag?post=127"}],"curies":[{"name":"wp","href":"https:\/\/api.w.org\/{rel}","templated":true}]}}