{"id":1332,"date":"2016-06-11T05:26:17","date_gmt":"2016-06-11T11:26:17","guid":{"rendered":"http:\/\/www.musicalmollet.com\/wordpress\/?post_type=product&#038;p=1332"},"modified":"2016-06-11T05:26:17","modified_gmt":"2016-06-11T11:26:17","slug":"pinza-microfono-inalambrico-leem-msa-106","status":"publish","type":"product","link":"https:\/\/www.musicalmollet.com\/index.php\/producto\/pinza-microfono-inalambrico-leem-msa-106\/","title":{"rendered":"Pinza micr\u00f3fono inal\u00e1mbrico LEEM MSA-106"},"content":{"rendered":"<p>PINZA MICR\u00d3FONO INAL\u00c1MBRICO MSA-106 \u00abLEEM\u00bb<\/p>\n<p>Referencia  pinzamicro_MSA106 <\/p>\n","protected":false},"excerpt":{"rendered":"<p>PINZA MICR\u00d3FONO INAL\u00c1MBRICO MSA-106 \u00abLEEM\u00bb Referencia pinzamicro_MSA106<\/p>\n","protected":false},"featured_media":1333,"comment_status":"open","ping_status":"closed","template":"","meta":{"om_disable_all_campaigns":false},"product_cat":[54],"product_tag":[190],"class_list":["post-1332","product","type-product","status-publish","has-post-thumbnail","hentry","product_cat-microfonos","product_tag-microfono"],"aioseo_notices":[],"_links":{"self":[{"href":"https:\/\/www.musicalmollet.com\/index.php\/wp-json\/wp\/v2\/product\/1332","targetHints":{"allow":["GET"]}}],"collection":[{"href":"https:\/\/www.musicalmollet.com\/index.php\/wp-json\/wp\/v2\/product"}],"about":[{"href":"https:\/\/www.musicalmollet.com\/index.php\/wp-json\/wp\/v2\/types\/product"}],"replies":[{"embeddable":true,"href":"https:\/\/www.musicalmollet.com\/index.php\/wp-json\/wp\/v2\/comments?post=1332"}],"wp:featuredmedia":[{"embeddable":true,"href":"https:\/\/www.musicalmollet.com\/index.php\/wp-json\/wp\/v2\/media\/1333"}],"wp:attachment":[{"href":"https:\/\/www.musicalmollet.com\/index.php\/wp-json\/wp\/v2\/media?parent=1332"}],"wp:term":[{"taxonomy":"product_cat","embeddable":true,"href":"https:\/\/www.musicalmollet.com\/index.php\/wp-json\/wp\/v2\/product_cat?post=1332"},{"taxonomy":"product_tag","embeddable":true,"href":"https:\/\/www.musicalmollet.com\/index.php\/wp-json\/wp\/v2\/product_tag?post=1332"}],"curies":[{"name":"wp","href":"https:\/\/api.w.org\/{rel}","templated":true}]}}