{"id":1434,"date":"2016-07-08T11:12:58","date_gmt":"2016-07-08T17:12:58","guid":{"rendered":"http:\/\/www.musicalmollet.com\/wordpress\/?post_type=product&#038;p=1434"},"modified":"2016-07-08T11:12:58","modified_gmt":"2016-07-08T17:12:58","slug":"basix-sincopas-para-bateria","status":"publish","type":"product","link":"https:\/\/www.musicalmollet.com\/index.php\/producto\/basix-sincopas-para-bateria\/","title":{"rendered":"Basix S\u00edncopas para Bateria"},"content":{"rendered":"<p>Basix. S\u00edncopas para Bater\u00eda + CD<br \/>\nRef. MDI0018-PM<\/p>\n<p>Autor(es): <\/p>\n<p>Varios<br \/>\n.<\/p>\n<p>Instrumentaci\u00f3n: <\/p>\n<p>Did\u00e1ctica<br \/>\n.<\/p>\n<p>Editorial: <\/p>\n<p>MUSIC DISTRIBUCIONS<br \/>\n.<\/p>\n<p>Libro o partitura \u00abBasix. S\u00edncopas para Bater\u00eda + CD\u00bb instrumentado para Did\u00e1ctica, de la editorial MUSIC DISTRIBUCIONS.<\/p>\n","protected":false},"excerpt":{"rendered":"<p>Basix. S\u00edncopas para Bater\u00eda + CD Ref. MDI0018-PM Autor(es): Varios . Instrumentaci\u00f3n: Did\u00e1ctica . Editorial: MUSIC DISTRIBUCIONS . Libro o partitura \u00abBasix. S\u00edncopas para Bater\u00eda + CD\u00bb instrumentado para Did\u00e1ctica, de la editorial MUSIC DISTRIBUCIONS.<\/p>\n","protected":false},"featured_media":1435,"comment_status":"open","ping_status":"closed","template":"","meta":{"om_disable_all_campaigns":false},"product_cat":[49],"product_tag":[211],"class_list":["post-1434","product","type-product","status-publish","has-post-thumbnail","hentry","product_cat-libreria-y-metodos","product_tag-lib"],"aioseo_notices":[],"_links":{"self":[{"href":"https:\/\/www.musicalmollet.com\/index.php\/wp-json\/wp\/v2\/product\/1434","targetHints":{"allow":["GET"]}}],"collection":[{"href":"https:\/\/www.musicalmollet.com\/index.php\/wp-json\/wp\/v2\/product"}],"about":[{"href":"https:\/\/www.musicalmollet.com\/index.php\/wp-json\/wp\/v2\/types\/product"}],"replies":[{"embeddable":true,"href":"https:\/\/www.musicalmollet.com\/index.php\/wp-json\/wp\/v2\/comments?post=1434"}],"wp:featuredmedia":[{"embeddable":true,"href":"https:\/\/www.musicalmollet.com\/index.php\/wp-json\/wp\/v2\/media\/1435"}],"wp:attachment":[{"href":"https:\/\/www.musicalmollet.com\/index.php\/wp-json\/wp\/v2\/media?parent=1434"}],"wp:term":[{"taxonomy":"product_cat","embeddable":true,"href":"https:\/\/www.musicalmollet.com\/index.php\/wp-json\/wp\/v2\/product_cat?post=1434"},{"taxonomy":"product_tag","embeddable":true,"href":"https:\/\/www.musicalmollet.com\/index.php\/wp-json\/wp\/v2\/product_tag?post=1434"}],"curies":[{"name":"wp","href":"https:\/\/api.w.org\/{rel}","templated":true}]}}