{"id":1444,"date":"2025-05-07T10:23:22","date_gmt":"2025-05-07T08:23:22","guid":{"rendered":"http:\/\/www.musicalmollet.com\/wordpress\/?post_type=product&#038;p=1444"},"modified":"2025-05-07T19:04:11","modified_gmt":"2025-05-07T17:04:11","slug":"boquilla-saxo-alto-yamaha-4c","status":"publish","type":"product","link":"https:\/\/www.musicalmollet.com\/index.php\/producto\/boquilla-saxo-alto-yamaha-4c\/","title":{"rendered":"Boquilla Saxo Alto Yamaha 4C"},"content":{"rendered":"<p>Boquilla de saxof\u00f3n Hecha de resina pl\u00e1stica de fenol Abertura de boca 1,60 mm Sin abrazadera ni c\u00e1psula<\/p>\n","protected":false},"excerpt":{"rendered":"<p>Boquilla de saxof\u00f3n Hecha de resina pl\u00e1stica de fenol Abertura de boca 1,60 mm Sin abrazadera ni c\u00e1psula<\/p>\n","protected":false},"featured_media":1445,"comment_status":"open","ping_status":"closed","template":"","meta":{"om_disable_all_campaigns":false},"product_cat":[87],"product_tag":[216],"class_list":["post-1444","product","type-product","status-publish","has-post-thumbnail","hentry","product_cat-boquillas-saxo","product_tag-boquillas"],"aioseo_notices":[],"_links":{"self":[{"href":"https:\/\/www.musicalmollet.com\/index.php\/wp-json\/wp\/v2\/product\/1444","targetHints":{"allow":["GET"]}}],"collection":[{"href":"https:\/\/www.musicalmollet.com\/index.php\/wp-json\/wp\/v2\/product"}],"about":[{"href":"https:\/\/www.musicalmollet.com\/index.php\/wp-json\/wp\/v2\/types\/product"}],"replies":[{"embeddable":true,"href":"https:\/\/www.musicalmollet.com\/index.php\/wp-json\/wp\/v2\/comments?post=1444"}],"wp:featuredmedia":[{"embeddable":true,"href":"https:\/\/www.musicalmollet.com\/index.php\/wp-json\/wp\/v2\/media\/1445"}],"wp:attachment":[{"href":"https:\/\/www.musicalmollet.com\/index.php\/wp-json\/wp\/v2\/media?parent=1444"}],"wp:term":[{"taxonomy":"product_cat","embeddable":true,"href":"https:\/\/www.musicalmollet.com\/index.php\/wp-json\/wp\/v2\/product_cat?post=1444"},{"taxonomy":"product_tag","embeddable":true,"href":"https:\/\/www.musicalmollet.com\/index.php\/wp-json\/wp\/v2\/product_tag?post=1444"}],"curies":[{"name":"wp","href":"https:\/\/api.w.org\/{rel}","templated":true}]}}