{"id":1491,"date":"2022-04-07T04:40:24","date_gmt":"2022-04-07T02:40:24","guid":{"rendered":"http:\/\/www.musicalmollet.com\/wordpress\/?post_type=product&#038;p=1491"},"modified":"2022-07-15T11:56:15","modified_gmt":"2022-07-15T09:56:15","slug":"cuerdas-savarez-alliance-cantiga","status":"publish","type":"product","link":"https:\/\/www.musicalmollet.com\/index.php\/producto\/cuerdas-savarez-alliance-cantiga\/","title":{"rendered":"Cuerdas Savarez Alliance Cantiga 510 AJ High Tensi\u00f3n"},"content":{"rendered":"<p>Juego de cuerdas Para guitarra cl\u00e1sica Tensi\u00f3n alta<\/p>\n","protected":false},"excerpt":{"rendered":"<p>Juego de cuerdas Para guitarra cl\u00e1sica Tensi\u00f3n alta<\/p>\n","protected":false},"featured_media":1492,"comment_status":"open","ping_status":"closed","template":"","meta":{"om_disable_all_campaigns":false},"product_cat":[103],"product_tag":[227],"class_list":["post-1491","product","type-product","status-publish","has-post-thumbnail","hentry","product_cat-cuerdas-guitarra-clasica","product_tag-cuer"],"aioseo_notices":[],"_links":{"self":[{"href":"https:\/\/www.musicalmollet.com\/index.php\/wp-json\/wp\/v2\/product\/1491","targetHints":{"allow":["GET"]}}],"collection":[{"href":"https:\/\/www.musicalmollet.com\/index.php\/wp-json\/wp\/v2\/product"}],"about":[{"href":"https:\/\/www.musicalmollet.com\/index.php\/wp-json\/wp\/v2\/types\/product"}],"replies":[{"embeddable":true,"href":"https:\/\/www.musicalmollet.com\/index.php\/wp-json\/wp\/v2\/comments?post=1491"}],"wp:featuredmedia":[{"embeddable":true,"href":"https:\/\/www.musicalmollet.com\/index.php\/wp-json\/wp\/v2\/media\/1492"}],"wp:attachment":[{"href":"https:\/\/www.musicalmollet.com\/index.php\/wp-json\/wp\/v2\/media?parent=1491"}],"wp:term":[{"taxonomy":"product_cat","embeddable":true,"href":"https:\/\/www.musicalmollet.com\/index.php\/wp-json\/wp\/v2\/product_cat?post=1491"},{"taxonomy":"product_tag","embeddable":true,"href":"https:\/\/www.musicalmollet.com\/index.php\/wp-json\/wp\/v2\/product_tag?post=1491"}],"curies":[{"name":"wp","href":"https:\/\/api.w.org\/{rel}","templated":true}]}}