{"id":1514,"date":"2016-07-26T10:47:53","date_gmt":"2016-07-26T16:47:53","guid":{"rendered":"http:\/\/www.musicalmollet.com\/wordpress\/?post_type=product&#038;p=1514"},"modified":"2016-07-26T10:47:53","modified_gmt":"2016-07-26T16:47:53","slug":"armonica-hohner-chrometa-14","status":"publish","type":"product","link":"https:\/\/www.musicalmollet.com\/index.php\/producto\/armonica-hohner-chrometa-14\/","title":{"rendered":"Armonica Hohner Chrometa 14"},"content":{"rendered":"<p>Arm\u00f3nica Hohner Chrometta 14 257\/56 en DO, de 56 voces , con cambio.Este modelo es una excelente relaci\u00f3n calidad-precio si quieres probar la versi\u00f3n ampliada de 56 notas de un est\u00e1ndar crom\u00e1tico.Lleva a cabo la completa gama de tonos de un viol\u00edn.<\/p>\n","protected":false},"excerpt":{"rendered":"<p>Arm\u00f3nica Hohner Chrometta 14 257\/56 en DO, de 56 voces , con cambio.Este modelo es una excelente relaci\u00f3n calidad-precio si quieres probar la versi\u00f3n ampliada de 56 notas de un est\u00e1ndar crom\u00e1tico.Lleva a cabo la completa gama de tonos de un viol\u00edn.<\/p>\n","protected":false},"featured_media":1515,"comment_status":"open","ping_status":"closed","template":"","meta":{"om_disable_all_campaigns":false},"product_cat":[20],"product_tag":[158],"class_list":["post-1514","product","type-product","status-publish","has-post-thumbnail","hentry","product_cat-armonicas","product_tag-armonicas"],"aioseo_notices":[],"_links":{"self":[{"href":"https:\/\/www.musicalmollet.com\/index.php\/wp-json\/wp\/v2\/product\/1514","targetHints":{"allow":["GET"]}}],"collection":[{"href":"https:\/\/www.musicalmollet.com\/index.php\/wp-json\/wp\/v2\/product"}],"about":[{"href":"https:\/\/www.musicalmollet.com\/index.php\/wp-json\/wp\/v2\/types\/product"}],"replies":[{"embeddable":true,"href":"https:\/\/www.musicalmollet.com\/index.php\/wp-json\/wp\/v2\/comments?post=1514"}],"wp:featuredmedia":[{"embeddable":true,"href":"https:\/\/www.musicalmollet.com\/index.php\/wp-json\/wp\/v2\/media\/1515"}],"wp:attachment":[{"href":"https:\/\/www.musicalmollet.com\/index.php\/wp-json\/wp\/v2\/media?parent=1514"}],"wp:term":[{"taxonomy":"product_cat","embeddable":true,"href":"https:\/\/www.musicalmollet.com\/index.php\/wp-json\/wp\/v2\/product_cat?post=1514"},{"taxonomy":"product_tag","embeddable":true,"href":"https:\/\/www.musicalmollet.com\/index.php\/wp-json\/wp\/v2\/product_tag?post=1514"}],"curies":[{"name":"wp","href":"https:\/\/api.w.org\/{rel}","templated":true}]}}