{"id":1537,"date":"2016-07-29T11:47:51","date_gmt":"2016-07-29T09:47:51","guid":{"rendered":"http:\/\/www.musicalmollet.com\/wordpress\/?post_type=product&#038;p=1537"},"modified":"2019-08-10T13:19:18","modified_gmt":"2019-08-10T11:19:18","slug":"llenguatge-musicalharmonia-grau-mitja-1","status":"publish","type":"product","link":"https:\/\/www.musicalmollet.com\/index.php\/producto\/llenguatge-musicalharmonia-grau-mitja-1\/","title":{"rendered":"Llenguatge musical\/Harmonia Grau mitj\u00e0, 1"},"content":{"rendered":"<p>Ireneu Segarra<\/p>\n<p>L&#8217;Abadia de Montserrat, 2003 &#8211; 128 p\u00e1ginas<\/p>\n<p>0 Rese\u00f1as<\/p>\n<p>Descripci\u00f3: Estructurat en tretze unitats de treball cada una de les quals cont\u00e9 diversos apartats: entonaci\u00f3 i educaci\u00f3 de l\u2019o\u00efda, ritme, harmonia, an\u00e0lisi, lectures d\u2019autors i quadres te\u00f2rics. La gradaci\u00f3 de cada un d\u2019aquests apartats, al llarg de tots els cap\u00edtols, permet que el professor en fixi l\u2019ordre i la dedicaci\u00f3 segons el nivell i la resposta dels alumnes. Aix\u00f2 facilita tamb\u00e9 el control de l\u2019assoliment d\u2019objectius i l\u2019avaluaci\u00f3 continuada.<\/p>\n","protected":false},"excerpt":{"rendered":"<p>Ireneu Segarra L&#8217;Abadia de Montserrat, 2003 &#8211; 128 p\u00e1ginas 0 Rese\u00f1as Descripci\u00f3: Estructurat en tretze unitats de treball cada una de les quals cont\u00e9 diversos apartats: entonaci\u00f3 i educaci\u00f3 de l\u2019o\u00efda, ritme, harmonia, an\u00e0lisi, lectures d\u2019autors i quadres te\u00f2rics. La gradaci\u00f3 de cada un d\u2019aquests apartats, al llarg de tots els cap\u00edtols, permet que el [&hellip;]<\/p>\n","protected":false},"featured_media":1539,"comment_status":"open","ping_status":"closed","template":"","meta":{"om_disable_all_campaigns":false},"product_cat":[49],"product_tag":[210],"class_list":["post-1537","product","type-product","status-publish","has-post-thumbnail","hentry","product_cat-libreria-y-metodos","product_tag-libreria-y-metodos"],"aioseo_notices":[],"_links":{"self":[{"href":"https:\/\/www.musicalmollet.com\/index.php\/wp-json\/wp\/v2\/product\/1537","targetHints":{"allow":["GET"]}}],"collection":[{"href":"https:\/\/www.musicalmollet.com\/index.php\/wp-json\/wp\/v2\/product"}],"about":[{"href":"https:\/\/www.musicalmollet.com\/index.php\/wp-json\/wp\/v2\/types\/product"}],"replies":[{"embeddable":true,"href":"https:\/\/www.musicalmollet.com\/index.php\/wp-json\/wp\/v2\/comments?post=1537"}],"wp:featuredmedia":[{"embeddable":true,"href":"https:\/\/www.musicalmollet.com\/index.php\/wp-json\/wp\/v2\/media\/1539"}],"wp:attachment":[{"href":"https:\/\/www.musicalmollet.com\/index.php\/wp-json\/wp\/v2\/media?parent=1537"}],"wp:term":[{"taxonomy":"product_cat","embeddable":true,"href":"https:\/\/www.musicalmollet.com\/index.php\/wp-json\/wp\/v2\/product_cat?post=1537"},{"taxonomy":"product_tag","embeddable":true,"href":"https:\/\/www.musicalmollet.com\/index.php\/wp-json\/wp\/v2\/product_tag?post=1537"}],"curies":[{"name":"wp","href":"https:\/\/api.w.org\/{rel}","templated":true}]}}