{"id":1559,"date":"2016-08-03T11:12:15","date_gmt":"2016-08-03T17:12:15","guid":{"rendered":"http:\/\/www.musicalmollet.com\/wordpress\/?post_type=product&#038;p=1559"},"modified":"2017-03-01T13:26:53","modified_gmt":"2017-03-01T19:26:53","slug":"pedal-de-bombo-dw-2000","status":"publish","type":"product","link":"https:\/\/www.musicalmollet.com\/index.php\/producto\/pedal-de-bombo-dw-2000\/","title":{"rendered":"Pedal de Bombo DW 2000"},"content":{"rendered":"<p>Descripcion<\/p>\n<p>DW 2000<\/p>\n<p> El nuevo pedal DW 2000 es la perfecta opci\u00f3n para aquellos m\u00fasicos que inician en la bater\u00eda y desean tener la construcci\u00f3n y la fiabilidad que ha caracterizado a Drum Workshop durante m\u00e1s de treinta a\u00f1os.<\/p>\n<p>Maza con una estructura de pl\u00e1stico de alto impacto para una sensaci\u00f3n de acci\u00f3n m\u00e1s r\u00e1pida y potente.<br \/>\nSistema de transmisi\u00f3n de cadena de sustentaci\u00f3n parcial para una respuesta m\u00e1s r\u00e1pida.<\/p>\n<p>Base de acero para propocionar solidez y antideslizamiento gracias al velcro y tornillos fijadores ajustables.<\/p>\n","protected":false},"excerpt":{"rendered":"<p>Descripcion DW 2000 El nuevo pedal DW 2000 es la perfecta opci\u00f3n para aquellos m\u00fasicos que inician en la bater\u00eda y desean tener la construcci\u00f3n y la fiabilidad que ha caracterizado a Drum Workshop durante m\u00e1s de treinta a\u00f1os. Maza con una estructura de pl\u00e1stico de alto impacto para una sensaci\u00f3n de acci\u00f3n m\u00e1s r\u00e1pida [&hellip;]<\/p>\n","protected":false},"featured_media":1560,"comment_status":"open","ping_status":"closed","template":"","meta":{"om_disable_all_campaigns":false},"product_cat":[307],"product_tag":[191],"class_list":["post-1559","product","type-product","status-publish","has-post-thumbnail","hentry","product_cat-pedal-de-bombo","product_tag-pedal"],"aioseo_notices":[],"_links":{"self":[{"href":"https:\/\/www.musicalmollet.com\/index.php\/wp-json\/wp\/v2\/product\/1559","targetHints":{"allow":["GET"]}}],"collection":[{"href":"https:\/\/www.musicalmollet.com\/index.php\/wp-json\/wp\/v2\/product"}],"about":[{"href":"https:\/\/www.musicalmollet.com\/index.php\/wp-json\/wp\/v2\/types\/product"}],"replies":[{"embeddable":true,"href":"https:\/\/www.musicalmollet.com\/index.php\/wp-json\/wp\/v2\/comments?post=1559"}],"wp:featuredmedia":[{"embeddable":true,"href":"https:\/\/www.musicalmollet.com\/index.php\/wp-json\/wp\/v2\/media\/1560"}],"wp:attachment":[{"href":"https:\/\/www.musicalmollet.com\/index.php\/wp-json\/wp\/v2\/media?parent=1559"}],"wp:term":[{"taxonomy":"product_cat","embeddable":true,"href":"https:\/\/www.musicalmollet.com\/index.php\/wp-json\/wp\/v2\/product_cat?post=1559"},{"taxonomy":"product_tag","embeddable":true,"href":"https:\/\/www.musicalmollet.com\/index.php\/wp-json\/wp\/v2\/product_tag?post=1559"}],"curies":[{"name":"wp","href":"https:\/\/api.w.org\/{rel}","templated":true}]}}