{"id":1579,"date":"2016-08-26T12:17:22","date_gmt":"2016-08-26T18:17:22","guid":{"rendered":"http:\/\/www.musicalmollet.com\/wordpress\/?post_type=product&#038;p=1579"},"modified":"2016-08-27T03:02:16","modified_gmt":"2016-08-27T09:02:16","slug":"czerny-30-estudios-de-mecanismo","status":"publish","type":"product","link":"https:\/\/www.musicalmollet.com\/index.php\/producto\/czerny-30-estudios-de-mecanismo\/","title":{"rendered":"Czerny 30 Estudios de Mecanismo"},"content":{"rendered":"<p>Los estudios y obras de estudio de Carl Czerny (1791-1857) forman parte del repertorio est\u00e1ndar de lecciones de piano. Estas colecciones forman parte de las obras m\u00e1s populares e importantes de la pedagog\u00eda pian\u00edstica. Estos 30 Estudios de Mecanismo op. 849 sirven de preparaci\u00f3n para la Escuela de la Velocidad (op. 299). Dificultad elemental-media.<\/p>\n","protected":false},"excerpt":{"rendered":"<p>Los estudios y obras de estudio de Carl Czerny (1791-1857) forman parte del repertorio est\u00e1ndar de lecciones de piano. Estas colecciones forman parte de las obras m\u00e1s populares e importantes de la pedagog\u00eda pian\u00edstica. Estos 30 Estudios de Mecanismo op. 849 sirven de preparaci\u00f3n para la Escuela de la Velocidad (op. 299). Dificultad elemental-media.<\/p>\n","protected":false},"featured_media":1582,"comment_status":"open","ping_status":"closed","template":"","meta":{"om_disable_all_campaigns":false},"product_cat":[49],"product_tag":[249],"class_list":["post-1579","product","type-product","status-publish","has-post-thumbnail","hentry","product_cat-libreria-y-metodos","product_tag-librer"],"aioseo_notices":[],"_links":{"self":[{"href":"https:\/\/www.musicalmollet.com\/index.php\/wp-json\/wp\/v2\/product\/1579","targetHints":{"allow":["GET"]}}],"collection":[{"href":"https:\/\/www.musicalmollet.com\/index.php\/wp-json\/wp\/v2\/product"}],"about":[{"href":"https:\/\/www.musicalmollet.com\/index.php\/wp-json\/wp\/v2\/types\/product"}],"replies":[{"embeddable":true,"href":"https:\/\/www.musicalmollet.com\/index.php\/wp-json\/wp\/v2\/comments?post=1579"}],"wp:featuredmedia":[{"embeddable":true,"href":"https:\/\/www.musicalmollet.com\/index.php\/wp-json\/wp\/v2\/media\/1582"}],"wp:attachment":[{"href":"https:\/\/www.musicalmollet.com\/index.php\/wp-json\/wp\/v2\/media?parent=1579"}],"wp:term":[{"taxonomy":"product_cat","embeddable":true,"href":"https:\/\/www.musicalmollet.com\/index.php\/wp-json\/wp\/v2\/product_cat?post=1579"},{"taxonomy":"product_tag","embeddable":true,"href":"https:\/\/www.musicalmollet.com\/index.php\/wp-json\/wp\/v2\/product_tag?post=1579"}],"curies":[{"name":"wp","href":"https:\/\/api.w.org\/{rel}","templated":true}]}}