{"id":1611,"date":"2025-10-14T11:15:19","date_gmt":"2025-10-14T09:15:19","guid":{"rendered":"http:\/\/www.musicalmollet.com\/wordpress\/?post_type=product&#038;p=1611"},"modified":"2025-10-14T13:08:57","modified_gmt":"2025-10-14T11:08:57","slug":"flauta-hohner-mod-9508","status":"publish","type":"product","link":"https:\/\/www.musicalmollet.com\/index.php\/producto\/flauta-hohner-mod-9508\/","title":{"rendered":"Flauta Hohner Mod. 9508"},"content":{"rendered":"<p>Descripci\u00f3n del producto Hohner flauta pl\u00e1stico 9508<\/p>\n<p>Flauta Hohner<\/p>\n<p>Flauta soprano perfecta para el uso escolar. Buen sonido. Cuerpo robusto de<\/p>\n<p>pl\u00e1stico resistente a golpes y ca\u00eddas. Incluye funda.<\/p>\n","protected":false},"excerpt":{"rendered":"<p>Descripci\u00f3n del producto Hohner flauta pl\u00e1stico 9508 Flauta Hohner Flauta soprano perfecta para el uso escolar. Buen sonido. Cuerpo robusto de pl\u00e1stico resistente a golpes y ca\u00eddas. Incluye funda.<\/p>\n","protected":false},"featured_media":1612,"comment_status":"open","ping_status":"closed","template":"","meta":{"om_disable_all_campaigns":false},"product_cat":[118],"product_tag":[184],"class_list":["post-1611","product","type-product","status-publish","has-post-thumbnail","hentry","product_cat-flauta","product_tag-flauta"],"aioseo_notices":[],"_links":{"self":[{"href":"https:\/\/www.musicalmollet.com\/index.php\/wp-json\/wp\/v2\/product\/1611","targetHints":{"allow":["GET"]}}],"collection":[{"href":"https:\/\/www.musicalmollet.com\/index.php\/wp-json\/wp\/v2\/product"}],"about":[{"href":"https:\/\/www.musicalmollet.com\/index.php\/wp-json\/wp\/v2\/types\/product"}],"replies":[{"embeddable":true,"href":"https:\/\/www.musicalmollet.com\/index.php\/wp-json\/wp\/v2\/comments?post=1611"}],"wp:featuredmedia":[{"embeddable":true,"href":"https:\/\/www.musicalmollet.com\/index.php\/wp-json\/wp\/v2\/media\/1612"}],"wp:attachment":[{"href":"https:\/\/www.musicalmollet.com\/index.php\/wp-json\/wp\/v2\/media?parent=1611"}],"wp:term":[{"taxonomy":"product_cat","embeddable":true,"href":"https:\/\/www.musicalmollet.com\/index.php\/wp-json\/wp\/v2\/product_cat?post=1611"},{"taxonomy":"product_tag","embeddable":true,"href":"https:\/\/www.musicalmollet.com\/index.php\/wp-json\/wp\/v2\/product_tag?post=1611"}],"curies":[{"name":"wp","href":"https:\/\/api.w.org\/{rel}","templated":true}]}}