{"id":1697,"date":"2025-10-22T05:58:10","date_gmt":"2025-10-22T03:58:10","guid":{"rendered":"http:\/\/www.musicalmollet.com\/wordpress\/?post_type=product&#038;p=1697"},"modified":"2025-10-22T18:15:58","modified_gmt":"2025-10-22T16:15:58","slug":"caja-sorda-remo-de-10","status":"publish","type":"product","link":"https:\/\/www.musicalmollet.com\/index.php\/producto\/caja-sorda-remo-de-10\/","title":{"rendered":"Caja Sorda Remo de 10&#8243;"},"content":{"rendered":"<p>Caja sorda de practicas REMO de 10&#8243; de di\u00e1metro con acabado gris con parche Ambassador Coated rugoso. La herramienta perfecta para el bater\u00eda principiante, pero tambi\u00e9n es ideal para el bater\u00eda avanzado para mantener sus golpes. Tiene el rebote y la sensaci\u00f3n de una bater\u00eda real, se puede ajustar, y se puede montar sobre un soporte vertical para practicar. Con goma antideslizante de protecci\u00f3n en la parte inferior de para no rayar o resbalar sobre una mesa.<\/p>\n","protected":false},"excerpt":{"rendered":"<p>Caja sorda de practicas REMO de 10&#8243; de di\u00e1metro con acabado gris con parche Ambassador Coated rugoso. La herramienta perfecta para el bater\u00eda principiante, pero tambi\u00e9n es ideal para el bater\u00eda avanzado para mantener sus golpes. Tiene el rebote y la sensaci\u00f3n de una bater\u00eda real, se puede ajustar, y se puede montar sobre un [&hellip;]<\/p>\n","protected":false},"featured_media":1698,"comment_status":"open","ping_status":"closed","template":"","meta":{"om_disable_all_campaigns":false},"product_cat":[261],"product_tag":[269],"class_list":["post-1697","product","type-product","status-publish","has-post-thumbnail","hentry","product_cat-cajas-sordas","product_tag-cajas-bateria-y-banda"],"aioseo_notices":[],"_links":{"self":[{"href":"https:\/\/www.musicalmollet.com\/index.php\/wp-json\/wp\/v2\/product\/1697","targetHints":{"allow":["GET"]}}],"collection":[{"href":"https:\/\/www.musicalmollet.com\/index.php\/wp-json\/wp\/v2\/product"}],"about":[{"href":"https:\/\/www.musicalmollet.com\/index.php\/wp-json\/wp\/v2\/types\/product"}],"replies":[{"embeddable":true,"href":"https:\/\/www.musicalmollet.com\/index.php\/wp-json\/wp\/v2\/comments?post=1697"}],"wp:featuredmedia":[{"embeddable":true,"href":"https:\/\/www.musicalmollet.com\/index.php\/wp-json\/wp\/v2\/media\/1698"}],"wp:attachment":[{"href":"https:\/\/www.musicalmollet.com\/index.php\/wp-json\/wp\/v2\/media?parent=1697"}],"wp:term":[{"taxonomy":"product_cat","embeddable":true,"href":"https:\/\/www.musicalmollet.com\/index.php\/wp-json\/wp\/v2\/product_cat?post=1697"},{"taxonomy":"product_tag","embeddable":true,"href":"https:\/\/www.musicalmollet.com\/index.php\/wp-json\/wp\/v2\/product_tag?post=1697"}],"curies":[{"name":"wp","href":"https:\/\/api.w.org\/{rel}","templated":true}]}}