{"id":1716,"date":"2016-09-28T04:37:11","date_gmt":"2016-09-28T02:37:11","guid":{"rendered":"http:\/\/www.musicalmollet.com\/wordpress\/?post_type=product&#038;p=1716"},"modified":"2019-08-10T13:18:50","modified_gmt":"2019-08-10T11:18:50","slug":"llenguatge-musical-harmonia-grau-mitja-1","status":"publish","type":"product","link":"https:\/\/www.musicalmollet.com\/index.php\/producto\/llenguatge-musical-harmonia-grau-mitja-1\/","title":{"rendered":"Llenguatge musical Harmonia Grau mitj\u00e1 1"},"content":{"rendered":"<p> Recomendar este libro\t<\/p>\n<p>Llenguatge musical\/Harmonia. Grau Mitj\u00e0. Primer Curs. El meu llibre de m\u00fasica<\/p>\n<p>S\u00e9 el primero en comentar Llenguatge musical\/Harmonia. Grau Mitj\u00e0. Primer Curs. El meu llibre de m\u00fasica<br \/>\nLibro de Ireneu Segarra; Pepita Jorba Planell<br \/>\n    Publicacions de l&#8217;Abadia de Montserrat, S.A.<br \/>\n2\u00aa ed., 2\u00aa imp.(16\/06\/2003)<br \/>\n128 p\u00e1ginas; 29&#215;22 cm<br \/>\nEste libro est\u00e1 en Catal\u00e1n<br \/>\nISBN: 8484154998 ISBN-13: 9788484154990<\/p>\n","protected":false},"excerpt":{"rendered":"<p>Recomendar este libro Llenguatge musical\/Harmonia. Grau Mitj\u00e0. Primer Curs. El meu llibre de m\u00fasica S\u00e9 el primero en comentar Llenguatge musical\/Harmonia. Grau Mitj\u00e0. Primer Curs. El meu llibre de m\u00fasica Libro de Ireneu Segarra; Pepita Jorba Planell Publicacions de l&#8217;Abadia de Montserrat, S.A. 2\u00aa ed., 2\u00aa imp.(16\/06\/2003) 128 p\u00e1ginas; 29&#215;22 cm Este libro est\u00e1 en [&hellip;]<\/p>\n","protected":false},"featured_media":1717,"comment_status":"open","ping_status":"closed","template":"","meta":{"om_disable_all_campaigns":false},"product_cat":[49],"product_tag":[185],"class_list":["post-1716","product","type-product","status-publish","has-post-thumbnail","hentry","product_cat-libreria-y-metodos","product_tag-libreria"],"aioseo_notices":[],"_links":{"self":[{"href":"https:\/\/www.musicalmollet.com\/index.php\/wp-json\/wp\/v2\/product\/1716","targetHints":{"allow":["GET"]}}],"collection":[{"href":"https:\/\/www.musicalmollet.com\/index.php\/wp-json\/wp\/v2\/product"}],"about":[{"href":"https:\/\/www.musicalmollet.com\/index.php\/wp-json\/wp\/v2\/types\/product"}],"replies":[{"embeddable":true,"href":"https:\/\/www.musicalmollet.com\/index.php\/wp-json\/wp\/v2\/comments?post=1716"}],"wp:featuredmedia":[{"embeddable":true,"href":"https:\/\/www.musicalmollet.com\/index.php\/wp-json\/wp\/v2\/media\/1717"}],"wp:attachment":[{"href":"https:\/\/www.musicalmollet.com\/index.php\/wp-json\/wp\/v2\/media?parent=1716"}],"wp:term":[{"taxonomy":"product_cat","embeddable":true,"href":"https:\/\/www.musicalmollet.com\/index.php\/wp-json\/wp\/v2\/product_cat?post=1716"},{"taxonomy":"product_tag","embeddable":true,"href":"https:\/\/www.musicalmollet.com\/index.php\/wp-json\/wp\/v2\/product_tag?post=1716"}],"curies":[{"name":"wp","href":"https:\/\/api.w.org\/{rel}","templated":true}]}}