{"id":1795,"date":"2016-11-25T13:16:59","date_gmt":"2016-11-25T19:16:59","guid":{"rendered":"http:\/\/www.musicalmollet.com\/wordpress\/?post_type=product&#038;p=1795"},"modified":"2023-03-23T18:29:16","modified_gmt":"2023-03-23T17:29:16","slug":"mazas-timbal-inaki-sebastian-beginner-12-15-anos","status":"publish","type":"product","link":"https:\/\/www.musicalmollet.com\/index.php\/producto\/mazas-timbal-inaki-sebastian-beginner-12-15-anos\/","title":{"rendered":"Mazas Timbal I\u00f1aki Sebastian Beginner 12-15 a\u00f1os"},"content":{"rendered":"<p>Inicio \/<br \/>\nCat\u00e1logo \/<br \/>\nCat\u00e1logo General \/<br \/>\nPercusi\u00f3n \/<br \/>\nB &#8211; baquetas y mazas \/<br \/>\nmazas timbales \/<br \/>\nI\u00f1aki Sebatian<\/p>\n<p>Baquetas timbales beginner (12-15 a\u00f1os)<\/p>\n<p>Baquetas timbales beginner (12-15 a\u00f1os)<\/p>\n<p>28,00 \u20ac<\/p>\n<p>stock actual:<\/p>\n<p>Baquetas de timbal Beginner Pensadas para ni\u00f1os de 12-15 a\u00f1os, las baquetas tienen un tama\u00f1o m\u00e1s adecuado a las manos de estas edades.<br \/>\nLongitud: 37.5 cm<\/p>\n<p>Ref.: 31420<\/p>\n<p>Autor \/ Marca: I\u00f1aki Sebastian<\/p>\n","protected":false},"excerpt":{"rendered":"<h3>!!ATENCION!! El dibujo de las nuevas mazas ha cambiado con respecto a la foto que se publica<\/h3>\n","protected":false},"featured_media":1796,"comment_status":"open","ping_status":"closed","template":"","meta":{"om_disable_all_campaigns":false},"product_cat":[120],"product_tag":[193],"class_list":["post-1795","product","type-product","status-publish","has-post-thumbnail","hentry","product_cat-baquetas-mazas-claves-etc","product_tag-percusion"],"aioseo_notices":[],"_links":{"self":[{"href":"https:\/\/www.musicalmollet.com\/index.php\/wp-json\/wp\/v2\/product\/1795","targetHints":{"allow":["GET"]}}],"collection":[{"href":"https:\/\/www.musicalmollet.com\/index.php\/wp-json\/wp\/v2\/product"}],"about":[{"href":"https:\/\/www.musicalmollet.com\/index.php\/wp-json\/wp\/v2\/types\/product"}],"replies":[{"embeddable":true,"href":"https:\/\/www.musicalmollet.com\/index.php\/wp-json\/wp\/v2\/comments?post=1795"}],"wp:featuredmedia":[{"embeddable":true,"href":"https:\/\/www.musicalmollet.com\/index.php\/wp-json\/wp\/v2\/media\/1796"}],"wp:attachment":[{"href":"https:\/\/www.musicalmollet.com\/index.php\/wp-json\/wp\/v2\/media?parent=1795"}],"wp:term":[{"taxonomy":"product_cat","embeddable":true,"href":"https:\/\/www.musicalmollet.com\/index.php\/wp-json\/wp\/v2\/product_cat?post=1795"},{"taxonomy":"product_tag","embeddable":true,"href":"https:\/\/www.musicalmollet.com\/index.php\/wp-json\/wp\/v2\/product_tag?post=1795"}],"curies":[{"name":"wp","href":"https:\/\/api.w.org\/{rel}","templated":true}]}}