{"id":1844,"date":"2026-04-10T11:41:00","date_gmt":"2026-04-10T09:41:00","guid":{"rendered":"http:\/\/www.musicalmollet.com\/wordpress\/?post_type=product&#038;p=1844"},"modified":"2026-04-10T11:45:15","modified_gmt":"2026-04-10T09:45:15","slug":"metodo-de-armonica-basix","status":"publish","type":"product","link":"https:\/\/www.musicalmollet.com\/index.php\/producto\/metodo-de-armonica-basix\/","title":{"rendered":"Metodo de Arm\u00f3nica Basix"},"content":{"rendered":"<p>M\u00e9todo v\u00e1lido tanto para arm\u00f3nica diat\u00f3nica como crom\u00e1tica. Presenta un sistema especial de lectura que permite tocar al instante. Fraseos de los m\u00e1s variados estilos. El cassette incluye acompa\u00f1amento para canciones y numeroos ejercicios. para Arm\u00f3nica CD<\/p>\n","protected":false},"excerpt":{"rendered":"<p>M\u00e9todo v\u00e1lido tanto para arm\u00f3nica diat\u00f3nica como crom\u00e1tica. Presenta un sistema especial de lectura que permite tocar al instante. Fraseos de los m\u00e1s variados estilos. El cassette incluye acompa\u00f1amento para canciones y numeroos ejercicios. para Arm\u00f3nica CD<\/p>\n","protected":false},"featured_media":1845,"comment_status":"open","ping_status":"closed","template":"","meta":{"om_disable_all_campaigns":false},"product_cat":[49],"product_tag":[210],"class_list":["post-1844","product","type-product","status-publish","has-post-thumbnail","hentry","product_cat-libreria-y-metodos","product_tag-libreria-y-metodos"],"aioseo_notices":[],"_links":{"self":[{"href":"https:\/\/www.musicalmollet.com\/index.php\/wp-json\/wp\/v2\/product\/1844","targetHints":{"allow":["GET"]}}],"collection":[{"href":"https:\/\/www.musicalmollet.com\/index.php\/wp-json\/wp\/v2\/product"}],"about":[{"href":"https:\/\/www.musicalmollet.com\/index.php\/wp-json\/wp\/v2\/types\/product"}],"replies":[{"embeddable":true,"href":"https:\/\/www.musicalmollet.com\/index.php\/wp-json\/wp\/v2\/comments?post=1844"}],"wp:featuredmedia":[{"embeddable":true,"href":"https:\/\/www.musicalmollet.com\/index.php\/wp-json\/wp\/v2\/media\/1845"}],"wp:attachment":[{"href":"https:\/\/www.musicalmollet.com\/index.php\/wp-json\/wp\/v2\/media?parent=1844"}],"wp:term":[{"taxonomy":"product_cat","embeddable":true,"href":"https:\/\/www.musicalmollet.com\/index.php\/wp-json\/wp\/v2\/product_cat?post=1844"},{"taxonomy":"product_tag","embeddable":true,"href":"https:\/\/www.musicalmollet.com\/index.php\/wp-json\/wp\/v2\/product_tag?post=1844"}],"curies":[{"name":"wp","href":"https:\/\/api.w.org\/{rel}","templated":true}]}}