{"id":1931,"date":"2017-02-23T13:07:28","date_gmt":"2017-02-23T19:07:28","guid":{"rendered":"http:\/\/www.musicalmollet.com\/wordpress\/?post_type=product&#038;p=1931"},"modified":"2018-05-09T12:30:45","modified_gmt":"2018-05-09T10:30:45","slug":"reco-reco-triple-izzo","status":"publish","type":"product","link":"https:\/\/www.musicalmollet.com\/index.php\/producto\/reco-reco-triple-izzo\/","title":{"rendered":"Reco Reco Triple Izzo"},"content":{"rendered":"<p>!!ATENCION SOLO LLEVA 3 MUELLES!! <\/p>\n<p>marca: Izzo<br \/>\nacabado: Brillante<br \/>\nmuelles: 3<br \/>\nPeso:  <\/p>\n<p>RecoReco con 3 muelles, aluminio<\/p>\n<p>Quiz\u00e1s ya has visto alguna vez a un grupo de Pagode en Rio, seguramente te acordar\u00e1s del t\u00edpico sonido del reco reco &#8211; seco, crujente, sucio y penetrante, un poco como una caixa con menos volumen. Este tiene el casco de aluminio con 4 resortes. Se ve muy a menudo que los m\u00fasicos ahogan el sonido y especialmente el sustain con cinta adhesiva, o simplemente utilizas tu pulgar.<\/p>\n<p>\u00a1Instrumento enriquecedor para todo Pagode!<\/p>\n","protected":false},"excerpt":{"rendered":"<p>!!ATENCION SOLO LLEVA 3 MUELLES!! marca: Izzo acabado: Brillante muelles: 3 Peso: RecoReco con 3 muelles, aluminio Quiz\u00e1s ya has visto alguna vez a un grupo de Pagode en Rio, seguramente te acordar\u00e1s del t\u00edpico sonido del reco reco &#8211; seco, crujente, sucio y penetrante, un poco como una caixa con menos volumen. Este tiene [&hellip;]<\/p>\n","protected":false},"featured_media":2715,"comment_status":"open","ping_status":"closed","template":"","meta":{"om_disable_all_campaigns":false},"product_cat":[127],"product_tag":[193],"class_list":["post-1931","product","type-product","status-publish","has-post-thumbnail","hentry","product_cat-percusion-brasilena","product_tag-percusion"],"aioseo_notices":[],"_links":{"self":[{"href":"https:\/\/www.musicalmollet.com\/index.php\/wp-json\/wp\/v2\/product\/1931","targetHints":{"allow":["GET"]}}],"collection":[{"href":"https:\/\/www.musicalmollet.com\/index.php\/wp-json\/wp\/v2\/product"}],"about":[{"href":"https:\/\/www.musicalmollet.com\/index.php\/wp-json\/wp\/v2\/types\/product"}],"replies":[{"embeddable":true,"href":"https:\/\/www.musicalmollet.com\/index.php\/wp-json\/wp\/v2\/comments?post=1931"}],"wp:featuredmedia":[{"embeddable":true,"href":"https:\/\/www.musicalmollet.com\/index.php\/wp-json\/wp\/v2\/media\/2715"}],"wp:attachment":[{"href":"https:\/\/www.musicalmollet.com\/index.php\/wp-json\/wp\/v2\/media?parent=1931"}],"wp:term":[{"taxonomy":"product_cat","embeddable":true,"href":"https:\/\/www.musicalmollet.com\/index.php\/wp-json\/wp\/v2\/product_cat?post=1931"},{"taxonomy":"product_tag","embeddable":true,"href":"https:\/\/www.musicalmollet.com\/index.php\/wp-json\/wp\/v2\/product_tag?post=1931"}],"curies":[{"name":"wp","href":"https:\/\/api.w.org\/{rel}","templated":true}]}}