{"id":1943,"date":"2017-02-25T04:57:42","date_gmt":"2017-02-25T10:57:42","guid":{"rendered":"http:\/\/www.musicalmollet.com\/wordpress\/?post_type=product&#038;p=1943"},"modified":"2017-02-25T04:57:42","modified_gmt":"2017-02-25T10:57:42","slug":"mazas-inaki-sebastian-m4","status":"publish","type":"product","link":"https:\/\/www.musicalmollet.com\/index.php\/producto\/mazas-inaki-sebastian-m4\/","title":{"rendered":"Mazas I\u00f1aki Sebastian M4"},"content":{"rendered":"<p>\u2022Marca: I\u00d1AKI SEBASTIAN<\/p>\n<p>Standar Series, Cabeza color gris oscuro<\/p>\n<p>Juego de 2 pares de Mazas I\u00f1aki Sebastian de Marimba. Standard series Conventional<\/p>\n<p>Mango de madera de 39 cm. Peso 38-39 grs. Cabeza interior sint\u00e9tica, de nylon y goma de 2 mm. de grosor La dureza es media-dura, con un sonido muy brillante. Articulando o atacando de forma dura se siente el coraz\u00f3n de la cabeza, la bola dura de nylon.<\/p>\n","protected":false},"excerpt":{"rendered":"<p>\u2022Marca: I\u00d1AKI SEBASTIAN Standar Series, Cabeza color gris oscuro Juego de 2 pares de Mazas I\u00f1aki Sebastian de Marimba. Standard series Conventional Mango de madera de 39 cm. Peso 38-39 grs. Cabeza interior sint\u00e9tica, de nylon y goma de 2 mm. de grosor La dureza es media-dura, con un sonido muy brillante. Articulando o atacando [&hellip;]<\/p>\n","protected":false},"featured_media":1944,"comment_status":"open","ping_status":"closed","template":"","meta":{"om_disable_all_campaigns":false},"product_cat":[120],"product_tag":[194],"class_list":["post-1943","product","type-product","status-publish","has-post-thumbnail","hentry","product_cat-baquetas-mazas-claves-etc","product_tag-maza"],"aioseo_notices":[],"_links":{"self":[{"href":"https:\/\/www.musicalmollet.com\/index.php\/wp-json\/wp\/v2\/product\/1943","targetHints":{"allow":["GET"]}}],"collection":[{"href":"https:\/\/www.musicalmollet.com\/index.php\/wp-json\/wp\/v2\/product"}],"about":[{"href":"https:\/\/www.musicalmollet.com\/index.php\/wp-json\/wp\/v2\/types\/product"}],"replies":[{"embeddable":true,"href":"https:\/\/www.musicalmollet.com\/index.php\/wp-json\/wp\/v2\/comments?post=1943"}],"wp:featuredmedia":[{"embeddable":true,"href":"https:\/\/www.musicalmollet.com\/index.php\/wp-json\/wp\/v2\/media\/1944"}],"wp:attachment":[{"href":"https:\/\/www.musicalmollet.com\/index.php\/wp-json\/wp\/v2\/media?parent=1943"}],"wp:term":[{"taxonomy":"product_cat","embeddable":true,"href":"https:\/\/www.musicalmollet.com\/index.php\/wp-json\/wp\/v2\/product_cat?post=1943"},{"taxonomy":"product_tag","embeddable":true,"href":"https:\/\/www.musicalmollet.com\/index.php\/wp-json\/wp\/v2\/product_tag?post=1943"}],"curies":[{"name":"wp","href":"https:\/\/api.w.org\/{rel}","templated":true}]}}