{"id":2062,"date":"2017-04-29T05:59:45","date_gmt":"2017-04-29T11:59:45","guid":{"rendered":"http:\/\/www.musicalmollet.com\/wordpress\/?post_type=product&#038;p=2062"},"modified":"2017-04-29T05:59:45","modified_gmt":"2017-04-29T11:59:45","slug":"armonica-hohner-unsere-lieblinge-32c","status":"publish","type":"product","link":"https:\/\/www.musicalmollet.com\/index.php\/producto\/armonica-hohner-unsere-lieblinge-32c\/","title":{"rendered":"Armonica Hohner Unsere Lieblinge 32C"},"content":{"rendered":"<p>Arm\u00f3nica En do mayor Cuerpo de celdas de madera El istrumento de la m\u00fasica popular Gracias a los canales cruzados, suenan dos tonos al mismo tiempo con la diferencia exacta de una octava Sonido lleno y en\u00e9rgico Placas de leng\u00fcetas de lat\u00f3n de 0,9 mm<\/p>\n","protected":false},"excerpt":{"rendered":"<p>Arm\u00f3nica En do mayor Cuerpo de celdas de madera El istrumento de la m\u00fasica popular Gracias a los canales cruzados, suenan dos tonos al mismo tiempo con la diferencia exacta de una octava Sonido lleno y en\u00e9rgico Placas de leng\u00fcetas de lat\u00f3n de 0,9 mm<\/p>\n","protected":false},"featured_media":2063,"comment_status":"open","ping_status":"closed","template":"","meta":{"om_disable_all_campaigns":false},"product_cat":[20],"product_tag":[158],"class_list":["post-2062","product","type-product","status-publish","has-post-thumbnail","hentry","product_cat-armonicas","product_tag-armonicas"],"aioseo_notices":[],"_links":{"self":[{"href":"https:\/\/www.musicalmollet.com\/index.php\/wp-json\/wp\/v2\/product\/2062","targetHints":{"allow":["GET"]}}],"collection":[{"href":"https:\/\/www.musicalmollet.com\/index.php\/wp-json\/wp\/v2\/product"}],"about":[{"href":"https:\/\/www.musicalmollet.com\/index.php\/wp-json\/wp\/v2\/types\/product"}],"replies":[{"embeddable":true,"href":"https:\/\/www.musicalmollet.com\/index.php\/wp-json\/wp\/v2\/comments?post=2062"}],"wp:featuredmedia":[{"embeddable":true,"href":"https:\/\/www.musicalmollet.com\/index.php\/wp-json\/wp\/v2\/media\/2063"}],"wp:attachment":[{"href":"https:\/\/www.musicalmollet.com\/index.php\/wp-json\/wp\/v2\/media?parent=2062"}],"wp:term":[{"taxonomy":"product_cat","embeddable":true,"href":"https:\/\/www.musicalmollet.com\/index.php\/wp-json\/wp\/v2\/product_cat?post=2062"},{"taxonomy":"product_tag","embeddable":true,"href":"https:\/\/www.musicalmollet.com\/index.php\/wp-json\/wp\/v2\/product_tag?post=2062"}],"curies":[{"name":"wp","href":"https:\/\/api.w.org\/{rel}","templated":true}]}}