{"id":2094,"date":"2017-06-10T04:49:14","date_gmt":"2017-06-10T10:49:14","guid":{"rendered":"http:\/\/www.musicalmollet.com\/wordpress\/?post_type=product&#038;p=2094"},"modified":"2017-06-10T04:49:14","modified_gmt":"2017-06-10T10:49:14","slug":"estuche-de-saxo-alto-ortola-mod-114","status":"publish","type":"product","link":"https:\/\/www.musicalmollet.com\/index.php\/producto\/estuche-de-saxo-alto-ortola-mod-114\/","title":{"rendered":"Estuche de Saxo Alto Ortola mod. 114"},"content":{"rendered":"<p>Marca:<br \/>\nOrtola<\/p>\n<p>Estuche Saxo Alto Ortola 114. Este estuche para Saxof\u00f3n Alto tiene las siguientes caracter\u00edsticas y medidas:<br \/>\nCaracter\u00edsticas  Estuche Saxo Alto Ortola 114:<br \/>\nExterior de polyester plastificado, interior de velour con acolchado styrofoam.<br \/>\nMochila, bolsillos y asas.<br \/>\nColor Negro<\/p>\n<p>Ortola es una marca mundialmente conocida.<\/p>\n","protected":false},"excerpt":{"rendered":"<p>Marca: Ortola Estuche Saxo Alto Ortola 114. Este estuche para Saxof\u00f3n Alto tiene las siguientes caracter\u00edsticas y medidas: Caracter\u00edsticas Estuche Saxo Alto Ortola 114: Exterior de polyester plastificado, interior de velour con acolchado styrofoam. Mochila, bolsillos y asas. Color Negro Ortola es una marca mundialmente conocida.<\/p>\n","protected":false},"featured_media":2095,"comment_status":"open","ping_status":"closed","template":"","meta":{"om_disable_all_campaigns":false},"product_cat":[320],"product_tag":[323],"class_list":["post-2094","product","type-product","status-publish","has-post-thumbnail","hentry","product_cat-estuches-saxo-alto","product_tag-estuches-varios"],"aioseo_notices":[],"_links":{"self":[{"href":"https:\/\/www.musicalmollet.com\/index.php\/wp-json\/wp\/v2\/product\/2094","targetHints":{"allow":["GET"]}}],"collection":[{"href":"https:\/\/www.musicalmollet.com\/index.php\/wp-json\/wp\/v2\/product"}],"about":[{"href":"https:\/\/www.musicalmollet.com\/index.php\/wp-json\/wp\/v2\/types\/product"}],"replies":[{"embeddable":true,"href":"https:\/\/www.musicalmollet.com\/index.php\/wp-json\/wp\/v2\/comments?post=2094"}],"wp:featuredmedia":[{"embeddable":true,"href":"https:\/\/www.musicalmollet.com\/index.php\/wp-json\/wp\/v2\/media\/2095"}],"wp:attachment":[{"href":"https:\/\/www.musicalmollet.com\/index.php\/wp-json\/wp\/v2\/media?parent=2094"}],"wp:term":[{"taxonomy":"product_cat","embeddable":true,"href":"https:\/\/www.musicalmollet.com\/index.php\/wp-json\/wp\/v2\/product_cat?post=2094"},{"taxonomy":"product_tag","embeddable":true,"href":"https:\/\/www.musicalmollet.com\/index.php\/wp-json\/wp\/v2\/product_tag?post=2094"}],"curies":[{"name":"wp","href":"https:\/\/api.w.org\/{rel}","templated":true}]}}