{"id":2159,"date":"2023-02-15T06:10:30","date_gmt":"2023-02-15T05:10:30","guid":{"rendered":"http:\/\/www.musicalmollet.com\/wordpress\/?post_type=product&#038;p=2159"},"modified":"2023-02-15T13:19:06","modified_gmt":"2023-02-15T12:19:06","slug":"juego-cuerdas-elixir-acustica-nanoweb-010-047","status":"publish","type":"product","link":"https:\/\/www.musicalmollet.com\/index.php\/producto\/juego-cuerdas-elixir-acustica-nanoweb-010-047\/","title":{"rendered":"Juego Cuerdas Elixir Ac\u00fastica Nanoweb 010-047"},"content":{"rendered":"<p>a tecnolog\u00eda de revestimiento de las Cuerdas Elixir\u00aeStrings protege el \u00ab\u00c1rea Cr\u00edtica del Sonido\u00bb contra la corrosi\u00f3n y la acumulaci\u00f3n de residuos. Timbre constante de alta calidad, de 3 a 5 veces m\u00e1s larga que la de las cuerdas convencionales. Las cuerdas se mantienen limpias dando la sensaci\u00f3n de siempre nuevas.<br \/>\n\u2022 olvo, sudor y grasitud de las manos penetran por las fisuras de las cuerdas (el espacio que llamamos \u00ab\u00c1rea Cr\u00edtica del Sonido\u00bb). Estos elementos disminuyen la vibraci\u00f3n de la cuerda y causan la corrosi\u00f3n. El resultado: Cuerdas sucias, sin brillo y con la durabilidad comprometida. Elixir Strings es la soluci\u00f3n para el desgaste de las cuerdas convencionales Cuerdas con revestimientos patentados y timbre de alta calidad por mucho m\u00e1s tiempo. En el \u00c1rea Cr\u00edtica del Sonido La exclusiv<br \/>\n\u2022 .010 .014 .023w .030 .039 .047 &#8211; Juego \/ Guitarra Ac\u00fastica Entorchado en 80\/20 Bronze Cuerdas entorchadas con recubrimiento ultrafino NANOWEB Anti-rust Plain Steels These Elixir Strings with NANOWEB coating deliver the bright, lively tone and feel of traditional 80\/20 bronze strings. Elixir Strings give your acoustic guitar brilliant, detailed tone that lasts much longer than ordinary strings.Timbre brillante. Todas las veces que usted toca su instrumento, peque\u00f1as impurezas como p <\/p>\n","protected":false},"excerpt":{"rendered":"<p>a tecnolog\u00eda de revestimiento de las Cuerdas Elixir\u00aeStrings protege el \u00ab\u00c1rea Cr\u00edtica del Sonido\u00bb contra la corrosi\u00f3n y la acumulaci\u00f3n de residuos. Timbre constante de alta calidad, de 3 a 5 veces m\u00e1s larga que la de las cuerdas convencionales. Las cuerdas se mantienen limpias dando la sensaci\u00f3n de siempre nuevas. \u2022 olvo, sudor y [&hellip;]<\/p>\n","protected":false},"featured_media":2160,"comment_status":"open","ping_status":"closed","template":"","meta":{"om_disable_all_campaigns":false},"product_cat":[34,102],"product_tag":[171],"class_list":["post-2159","product","type-product","status-publish","has-post-thumbnail","hentry","product_cat-cuerdas","product_cat-cuerdas-guitarra-acustica","product_tag-cuerdas"],"aioseo_notices":[],"_links":{"self":[{"href":"https:\/\/www.musicalmollet.com\/index.php\/wp-json\/wp\/v2\/product\/2159","targetHints":{"allow":["GET"]}}],"collection":[{"href":"https:\/\/www.musicalmollet.com\/index.php\/wp-json\/wp\/v2\/product"}],"about":[{"href":"https:\/\/www.musicalmollet.com\/index.php\/wp-json\/wp\/v2\/types\/product"}],"replies":[{"embeddable":true,"href":"https:\/\/www.musicalmollet.com\/index.php\/wp-json\/wp\/v2\/comments?post=2159"}],"wp:featuredmedia":[{"embeddable":true,"href":"https:\/\/www.musicalmollet.com\/index.php\/wp-json\/wp\/v2\/media\/2160"}],"wp:attachment":[{"href":"https:\/\/www.musicalmollet.com\/index.php\/wp-json\/wp\/v2\/media?parent=2159"}],"wp:term":[{"taxonomy":"product_cat","embeddable":true,"href":"https:\/\/www.musicalmollet.com\/index.php\/wp-json\/wp\/v2\/product_cat?post=2159"},{"taxonomy":"product_tag","embeddable":true,"href":"https:\/\/www.musicalmollet.com\/index.php\/wp-json\/wp\/v2\/product_tag?post=2159"}],"curies":[{"name":"wp","href":"https:\/\/api.w.org\/{rel}","templated":true}]}}