{"id":2173,"date":"2017-07-06T09:49:26","date_gmt":"2017-07-06T07:49:26","guid":{"rendered":"http:\/\/www.musicalmollet.com\/wordpress\/?post_type=product&#038;p=2173"},"modified":"2022-10-21T18:51:07","modified_gmt":"2022-10-21T16:51:07","slug":"cancionero-volumen-3-183-letras-con-acordes","status":"publish","type":"product","link":"https:\/\/www.musicalmollet.com\/index.php\/producto\/cancionero-volumen-3-183-letras-con-acordes\/","title":{"rendered":"Cancionero Volumen 3 183 letras con acordes"},"content":{"rendered":"<p>Canciones espa\u00f1olas:<br \/>\n-\u00a1Ah\u00ed Estas T\u00fa! (Chambao)<br \/>\n-\u00bfPor Qu\u00e9 Me Has Enga\u00f1ado? (Camela)<br \/>\n-\u00bfSabes? (\u00c1lex Ubago)<br \/>\n-\u00bfY Si Fuera Ella? (Alejandro Sanz)<br \/>\n-20 De Enero (La Oreja De Van Gogh)<br \/>\n-Adi\u00f3s Pap\u00e1 (Los Ronaldos)<br \/>\n-Aire (Mecano)<br \/>\n-Al Carajo (Mojinos Escozidos)<br \/>\n-Al Otro Lado Del R\u00edo (Jorge Drexler)<br \/>\n-Alegr\u00eda De Vivir (Ray Heredia)<br \/>\n-Am\u00e9n (Az\u00facar Moreno)<br \/>\n-Amor.Com (Camela)<br \/>\n-\u00c1ngel De Ori\u00f3n (Antonio Vega)<br \/>\n-Antes Que Ver El Sol (Coti Sorokin)<br \/>\n-Aprendiz (Mal\u00fa)<br \/>\n-Arenas De Oto\u00f1o (Nino Bravo)<br \/>\n-Arriba Los Corazones (Antonio Flores)<br \/>\n-Besos (El Canto Del Loco)<br \/>\n-Bienvenidos (Miguel R\u00edos)<br \/>\n-Bonito (Jarabe De Palo)<br \/>\n-Bonustrack (La Oreja De Van Gogh)<br \/>\n-B\u00fascate Un Hombre Que Te Quiera (El Arrebato)<br \/>\n-Caminando Por La Vida (Melendi)<br \/>\n-Caminos Infinitos (Antonio Vega)<br \/>\n-Cartas Amarillas (Nino Bravo)<br \/>\n-Como Las Alas Al Viento (Roc\u00edo Jurado)<br \/>\n-Como Lo Tienes T\u00fa (Pereza)<br \/>\n-Como Ronea (Las Chuches)<br \/>\n-Como Una Ola (Roc\u00edo Jurado)<br \/>\n-Como Yo Te Amo (Roc\u00edo Jurado)<br \/>\n-Con S\u00f3lo Una Sonrisa (Melendi)<br \/>\n-Cuando Decidas Volver (Roc\u00edo D\u00farcal)<br \/>\n-Cuanto Antes (\u00c1lex Ubago)<br \/>\n-Cu\u00e9ntame Al O\u00eddo (La Oreja De Van Gogh)<br \/>\n-Cu\u00e9ntame Un Cuento (Celtas Cortos)<br \/>\n-D.J. (Dover)<br \/>\n-De Alguna Manera (Lu\u00eds Eduardo Aute)<br \/>\n-De Cart\u00f3n Piedra (Joan Manuel Serrat)<br \/>\n-De Qu\u00e9 Me Sirve Llorar (OBK)<br \/>\n-De Sol A Sol (Caf\u00e9 Quijano)<br \/>\n-De Vuelta Y Vuelta (Jarabe De Palo)<br \/>\n-Des\u00e1tame (M\u00f3nica Naranjo)<br \/>\n-Desp\u00eddete (Ella Baila Sola)<br \/>\n-Destrangis In The Night (Estopa)<br \/>\n-Devu\u00e9lveme La Vida (Antonio Orozco)<br \/>\n-Devu\u00e9lveme La Vida (David Bustamante)<br \/>\n-D\u00edas De Verano (Amaral)<br \/>\n-Dulce Locura (La Oreja De Van Gogh)<br \/>\n-El Alma Al Aire (Alejandro Sanz)<br \/>\n-El Cielo No Entiende (OBK)<br \/>\n-El Sitio De Mi Recreo (Antonio Vega)<br \/>\n-En Donde Est\u00e9s (Pereza)<br \/>\n-En El Parque (Miguel R\u00edos)<br \/>\n-En Estos D\u00edas Inciertos (Celtas Cortos)<br \/>\n-En Nuestra Casa (Joan Manuel Serrat)<br \/>\n-Enamorada (Mal\u00fa)<br \/>\n-Esa Ser\u00e1 Mi Casa (Nino Bravo)<br \/>\n-Escuela De Calor (Radio Futura)<br \/>\n-Esos D\u00edas (Mikel Erentxun)<br \/>\n-Esto No Es Hawai (Loquillo)<br \/>\n-Fue Tan Poco Tu Cari\u00f1o (Roc\u00edo D\u00farcal)<br \/>\n-Fuente De Energ\u00eda (Estopa)<br \/>\n-Gracias (Tamara)<br \/>\n-Gran V\u00eda (Antonio Flores)<br \/>\n-Gu\u00e1rdalo (Los Ronaldos)<br \/>\n-H\u00e1blame De Ti (Pecos)<br \/>\n-Hablando En Plata (Melendi)<br \/>\n-He Dejado De Creer (David DeMar\u00eda)<br \/>\n-Historias De Amor (OBK)<br \/>\n-Hoy No Me Puedo Levantar (Mecano)<br \/>\n-Insoportable (El Canto Del Loco)<br \/>\n-Isla De Palma (Antonio Flores)<br \/>\n-La Barra De Este Hotel (Duncan Dhu)<br \/>\n-La Fuerza Del Coraz\u00f3n (Alejandro Sanz)<br \/>\n-La Milonga Del Marinero Y El Capit\u00e1n (Los Rodr\u00edguez)<br \/>\n-La Taberna Del Buda (Caf\u00e9 Quijano)<br \/>\n-Lola (Pastora)<br \/>\n-Los Viejos Rockeros Nunca Mueren (Miguel R\u00edos)<br \/>\n-Malabares (Estopa)<br \/>\n-Malo (Bebe)<br \/>\n-Maracaibo (La Uni\u00f3n)<br \/>\n-Me Gustas Mucho (Roc\u00edo D\u00farcal)<br \/>\n-Menguante (Pedro Guerra)<br \/>\n-Mestizo (Revolver)<br \/>\n-Mi Historia Entre Tus Dedos (Sergio Dalma)<br \/>\n-Mi Mundo Sin Ti (Soraya)<br \/>\n-Mi Soledad Y Yo (Alejandro Sanz)<br \/>\n-Miro La Vida Pasar (Fangoria)<br \/>\n-Mirona (Pastora)<br \/>\n-Mucho Mejor (Los Rodr\u00edguez)<br \/>\n-Mu\u00f1eca De Trapo (La Oreja De Van Gogh)<br \/>\n-Nada Fue Un Error (Coti Sorokin)<br \/>\n-N\u00e1ufragos (Sergio Dalma)<br \/>\n-No Despertar\u00e9 (Sergio Dalma)<br \/>\n-No Lastimes M\u00e1s (Roc\u00edo D\u00farcal)<br \/>\n-No Me Crees (Efecto Mariposa)<br \/>\n-No Me Digas Que No (Sergio Dalma)<br \/>\n-No Te Rindas (\u00c1lex Ubago)<br \/>\n-Otra Vez (Coti Sorokin)<br \/>\n-Paisanaje (Joaqu\u00edn Sabina)<br \/>\n-P\u00e1jaros De Portugal (Joaqu\u00edn Sabina)<br \/>\n-Palabras Sin Nombre (Duncan Dhu)<br \/>\n-Pantera En Libertad (M\u00f3nica Naranjo)<br \/>\n-Parece Mentira (Ella Baila Sola)<br \/>\n-Partiendo La Pana (Estopa)<br \/>\n-Pasa Al Oto\u00f1o (Antonio Vega)<br \/>\n-Pastillas De Freno (Estopa)<br \/>\n-Pen\u00e9lope (Joan Manuel Serrat)<br \/>\n-Perdido En Mi Habitaci\u00f3n (Mecano)<br \/>\n-Pokito A Poko (Chambao)<br \/>\n-Poquito A Poco (El Arrebato)<br \/>\n-Porque Te Vas (Jeanette)<br \/>\n-Precisamente Ahora (David DeMar\u00eda)<br \/>\n-Puede Ser (Ni\u00f1a Pastori)<br \/>\n-Que Canten Los Ni\u00f1os (Jose Luis Perales)<br \/>\n-Qui\u00e9n Me Iba A Decir (David Bisbal)<br \/>\n-Quiero (Sergio Rivero)<br \/>\n-Quiero Ser Tu Sue\u00f1o (Andy &#038; Lucas)<br \/>\n-Quiero Un Cami\u00f3n (Loquillo)<br \/>\n-Quince A\u00f1os Tiene Mi Amor (D\u00fao Din\u00e1mico)<br \/>\n-Resistir\u00e9 (D\u00fao Din\u00e1mico)<br \/>\n-Resumiendo (Joaqu\u00edn Sabina)<br \/>\n-Romeo Y Julieta (Jarabe De Palo)<br \/>\n-Rubia De La Cuarta Fila (Joaqu\u00edn Sabina)<br \/>\n-Santa Luc\u00eda (Miguel R\u00edos)<br \/>\n-Se Dejaba Llevar Por Ti (Antonio Vega)<br \/>\n-Semilla Negra (Radio Futura)<br \/>\n-Sencilla Alegr\u00eda (Luz Casal)<br \/>\n-Sentir (Luz Casal)<br \/>\n-Serenade (Dover)<br \/>\n-Si Nos Dejan (Tamara)<br \/>\n-Sin Rencor (OBK)<br \/>\n-S\u00edrvame Una Copita (Caf\u00e9 Quijano)<br \/>\n-Sobrevivir\u00e9 (Fiume Azzurro) (M\u00f3nica Naranjo)<br \/>\n-S\u00f3lo Pienso En Ti (V\u00edctor Manuel)<br \/>\n-S\u00f3lo Tu (Pastora Soler)<br \/>\n-Suelta Las Riendas De Mi Coraz\u00f3n (Mikel Erentxun)<br \/>\n-Superman (Miguel Bos\u00e9)<br \/>\n-Te Conozco Desde Siempre (Mal\u00fa)<br \/>\n-Te Quiero (Hombres G)<br \/>\n-Todo (Pereza)<br \/>\n-Tranquilo Majete (Celtas Cortos)<br \/>\n-Tu Frialdad (Triana)<br \/>\n-T\u00fa No Tienes Alma (Alejandro Sanz)<br \/>\n-Un Hombre De Verdad (Alaska Y Dinarama)<br \/>\n-Un Nuevo D\u00eda Brillara (Luz Casal)<br \/>\n-Un Velero Llamado Libertad (Jose Luis Perales)<br \/>\n-Una Calle De Par\u00eds (Duncan Dhu)<br \/>\n-Voy A Pensar En Ti (Frank Perea)<br \/>\n-Zapatillas (El Canto Del Loco) <\/p>\n<p>Canciones extranjeras:<br \/>\n-A Dios Le Pido (Juanes)<br \/>\n-Atado A Tu Amor (Chayanne)<br \/>\n-Boom Boom (Chayanne)<br \/>\n-Chiki Chiki (Carlos Baute)<br \/>\n-Clavado En Un Bar (Man\u00e1)<br \/>\n-Eres Mi Religi\u00f3n (Man\u00e1)<br \/>\n-Escucha Atento (Laura Pausini)<br \/>\n-Fe (Man\u00e1)<br \/>\n-Hungry Like The Wolf (Duran Duran)<br \/>\n-La Camisa Negra (Juanes)<br \/>\n-La Copa De La Vida, Spanish Version (Ricky Martin)<br \/>\n-La Gota Fr\u00eda (\u00a1Qu\u00e9 Criterio!) (Carlos Vives)<br \/>\n-La Tortura (Shakira)<br \/>\n-Labios Compartidos (Man\u00e1)<br \/>\n-Lento (Julieta Venegas)<br \/>\n-Livin&#8217; La Vida Loca, Spanish Version (Ricky Martin)<br \/>\n-Mar\u00eda (Ricky Martin)<br \/>\n-Mariposa Traicionera (Man\u00e1)<br \/>\n-Me Voy (Julieta Venegas)<br \/>\n-No (Shakira)<br \/>\n-Notorious (Duran Duran)<br \/>\n-Obtener Un S\u00ed (Shakira)<br \/>\n-Pensar En Ti (Francisco C\u00e9spedes)<br \/>\n-Salom\u00e9 (Chayanne)<br \/>\n-Se Fue (Laura Pausini)<br \/>\n-Se Me Antoja (Francisco C\u00e9spedes)<br \/>\n-She Bangs, Spanish Version(Ricky Martin)<br \/>\n-Si Tu N&#8217; Etais Pas La&#8217; (Film de Amelie)<br \/>\n-Te Quise Tanto (Paulina Rubio)<br \/>\n-Te Regalo (Carlos Baute)<br \/>\n-Todo Es Un Misterio (Francisco C\u00e9spedes)<br \/>\n-Tripping (Robbie Williams)<br \/>\n-Vali\u00f3 La Pena (Marc Anthony)<\/p>\n","protected":false},"excerpt":{"rendered":"<p>Canciones espa\u00f1olas: -\u00a1Ah\u00ed Estas T\u00fa! (Chambao) -\u00bfPor Qu\u00e9 Me Has Enga\u00f1ado? (Camela) -\u00bfSabes? (\u00c1lex Ubago) -\u00bfY Si Fuera Ella? (Alejandro Sanz) -20 De Enero (La Oreja De Van Gogh) -Adi\u00f3s Pap\u00e1 (Los Ronaldos) -Aire (Mecano) -Al Carajo (Mojinos Escozidos) -Al Otro Lado Del R\u00edo (Jorge Drexler) -Alegr\u00eda De Vivir (Ray Heredia) -Am\u00e9n (Az\u00facar Moreno) -Amor.Com [&hellip;]<\/p>\n","protected":false},"featured_media":2174,"comment_status":"open","ping_status":"closed","template":"","meta":{"om_disable_all_campaigns":false},"product_cat":[49],"product_tag":[210],"class_list":["post-2173","product","type-product","status-publish","has-post-thumbnail","hentry","product_cat-libreria-y-metodos","product_tag-libreria-y-metodos"],"aioseo_notices":[],"_links":{"self":[{"href":"https:\/\/www.musicalmollet.com\/index.php\/wp-json\/wp\/v2\/product\/2173","targetHints":{"allow":["GET"]}}],"collection":[{"href":"https:\/\/www.musicalmollet.com\/index.php\/wp-json\/wp\/v2\/product"}],"about":[{"href":"https:\/\/www.musicalmollet.com\/index.php\/wp-json\/wp\/v2\/types\/product"}],"replies":[{"embeddable":true,"href":"https:\/\/www.musicalmollet.com\/index.php\/wp-json\/wp\/v2\/comments?post=2173"}],"wp:featuredmedia":[{"embeddable":true,"href":"https:\/\/www.musicalmollet.com\/index.php\/wp-json\/wp\/v2\/media\/2174"}],"wp:attachment":[{"href":"https:\/\/www.musicalmollet.com\/index.php\/wp-json\/wp\/v2\/media?parent=2173"}],"wp:term":[{"taxonomy":"product_cat","embeddable":true,"href":"https:\/\/www.musicalmollet.com\/index.php\/wp-json\/wp\/v2\/product_cat?post=2173"},{"taxonomy":"product_tag","embeddable":true,"href":"https:\/\/www.musicalmollet.com\/index.php\/wp-json\/wp\/v2\/product_tag?post=2173"}],"curies":[{"name":"wp","href":"https:\/\/api.w.org\/{rel}","templated":true}]}}