{"id":2183,"date":"2017-07-13T10:41:03","date_gmt":"2017-07-13T08:41:03","guid":{"rendered":"http:\/\/www.musicalmollet.com\/wordpress\/?post_type=product&#038;p=2183"},"modified":"2019-04-27T12:23:12","modified_gmt":"2019-04-27T10:23:12","slug":"guitarra-electrica-paso-a-paso-vol-2o","status":"publish","type":"product","link":"https:\/\/www.musicalmollet.com\/index.php\/producto\/guitarra-electrica-paso-a-paso-vol-2o\/","title":{"rendered":"Guitarra electrica paso a paso vol 2\u00ba"},"content":{"rendered":"<p>Conceptos y lectura musical por cifrado(TAB) y solfeo pr\u00e1ctico<br \/>\nAcordes y sus m\u00faltiples variantes<br \/>\nMano derecha (pua y dedos) Ritmos y patrones r\u00edtmicos<br \/>\nPatrones mel\u00f3dicos y secuencias arm\u00f3nicas<br \/>\nIniciaci\u00f3n a la armon\u00eda<br \/>\nEscalas T\u00e9cnicas y efectos<br \/>\nEjercicios y ejemplos pr\u00e1cticos<br \/>\nImprovisando sobre Play Bach<\/p>\n","protected":false},"excerpt":{"rendered":"<p>Conceptos y lectura musical por cifrado(TAB) y solfeo pr\u00e1ctico Acordes y sus m\u00faltiples variantes Mano derecha (pua y dedos) Ritmos y patrones r\u00edtmicos Patrones mel\u00f3dicos y secuencias arm\u00f3nicas Iniciaci\u00f3n a la armon\u00eda Escalas T\u00e9cnicas y efectos Ejercicios y ejemplos pr\u00e1cticos Improvisando sobre Play Bach<\/p>\n","protected":false},"featured_media":2184,"comment_status":"open","ping_status":"closed","template":"","meta":{"om_disable_all_campaigns":false},"product_cat":[49],"product_tag":[185],"class_list":["post-2183","product","type-product","status-publish","has-post-thumbnail","hentry","product_cat-libreria-y-metodos","product_tag-libreria"],"aioseo_notices":[],"_links":{"self":[{"href":"https:\/\/www.musicalmollet.com\/index.php\/wp-json\/wp\/v2\/product\/2183","targetHints":{"allow":["GET"]}}],"collection":[{"href":"https:\/\/www.musicalmollet.com\/index.php\/wp-json\/wp\/v2\/product"}],"about":[{"href":"https:\/\/www.musicalmollet.com\/index.php\/wp-json\/wp\/v2\/types\/product"}],"replies":[{"embeddable":true,"href":"https:\/\/www.musicalmollet.com\/index.php\/wp-json\/wp\/v2\/comments?post=2183"}],"wp:featuredmedia":[{"embeddable":true,"href":"https:\/\/www.musicalmollet.com\/index.php\/wp-json\/wp\/v2\/media\/2184"}],"wp:attachment":[{"href":"https:\/\/www.musicalmollet.com\/index.php\/wp-json\/wp\/v2\/media?parent=2183"}],"wp:term":[{"taxonomy":"product_cat","embeddable":true,"href":"https:\/\/www.musicalmollet.com\/index.php\/wp-json\/wp\/v2\/product_cat?post=2183"},{"taxonomy":"product_tag","embeddable":true,"href":"https:\/\/www.musicalmollet.com\/index.php\/wp-json\/wp\/v2\/product_tag?post=2183"}],"curies":[{"name":"wp","href":"https:\/\/api.w.org\/{rel}","templated":true}]}}