{"id":2198,"date":"2017-07-21T05:34:41","date_gmt":"2017-07-21T11:34:41","guid":{"rendered":"http:\/\/www.musicalmollet.com\/wordpress\/?post_type=product&#038;p=2198"},"modified":"2017-07-21T05:34:41","modified_gmt":"2017-07-21T11:34:41","slug":"correa-bombo-calanda-ref-770-nino","status":"publish","type":"product","link":"https:\/\/www.musicalmollet.com\/index.php\/producto\/correa-bombo-calanda-ref-770-nino\/","title":{"rendered":"Correa Bombo-Calanda Ref. 770 ni\u00f1o"},"content":{"rendered":"<p>Descripci\u00f3n<\/p>\n<p>Detalles del producto<\/p>\n<p>Correas de piel bombo Calanda, ancho 80 mm.Dos mosquetones met\u00e1licos.Largo m\u00ednimo 80cm. Largo m\u00e1ximo 136cm.En color negro<\/p>\n","protected":false},"excerpt":{"rendered":"<p>Descripci\u00f3n Detalles del producto Correas de piel bombo Calanda, ancho 80 mm.Dos mosquetones met\u00e1licos.Largo m\u00ednimo 80cm. Largo m\u00e1ximo 136cm.En color negro<\/p>\n","protected":false},"featured_media":2199,"comment_status":"open","ping_status":"closed","template":"","meta":{"om_disable_all_campaigns":false},"product_cat":[33,296],"product_tag":[297],"class_list":["post-2198","product","type-product","status-publish","has-post-thumbnail","hentry","product_cat-correasbandolera","product_cat-correas-y-bandoleras","product_tag-correas"],"aioseo_notices":[],"_links":{"self":[{"href":"https:\/\/www.musicalmollet.com\/index.php\/wp-json\/wp\/v2\/product\/2198","targetHints":{"allow":["GET"]}}],"collection":[{"href":"https:\/\/www.musicalmollet.com\/index.php\/wp-json\/wp\/v2\/product"}],"about":[{"href":"https:\/\/www.musicalmollet.com\/index.php\/wp-json\/wp\/v2\/types\/product"}],"replies":[{"embeddable":true,"href":"https:\/\/www.musicalmollet.com\/index.php\/wp-json\/wp\/v2\/comments?post=2198"}],"wp:featuredmedia":[{"embeddable":true,"href":"https:\/\/www.musicalmollet.com\/index.php\/wp-json\/wp\/v2\/media\/2199"}],"wp:attachment":[{"href":"https:\/\/www.musicalmollet.com\/index.php\/wp-json\/wp\/v2\/media?parent=2198"}],"wp:term":[{"taxonomy":"product_cat","embeddable":true,"href":"https:\/\/www.musicalmollet.com\/index.php\/wp-json\/wp\/v2\/product_cat?post=2198"},{"taxonomy":"product_tag","embeddable":true,"href":"https:\/\/www.musicalmollet.com\/index.php\/wp-json\/wp\/v2\/product_tag?post=2198"}],"curies":[{"name":"wp","href":"https:\/\/api.w.org\/{rel}","templated":true}]}}