{"id":2278,"date":"2017-08-08T13:16:38","date_gmt":"2017-08-08T11:16:38","guid":{"rendered":"http:\/\/www.musicalmollet.com\/wordpress\/?post_type=product&#038;p=2278"},"modified":"2023-04-15T11:37:52","modified_gmt":"2023-04-15T09:37:52","slug":"guitarra-squier-fender-strat-standard-series","status":"publish","type":"product","link":"https:\/\/www.musicalmollet.com\/index.php\/producto\/guitarra-squier-fender-strat-standard-series\/","title":{"rendered":"Guitarra Squier Fender Strat Standard Series SQ-STD-RW-BKM"},"content":{"rendered":"<p>Fender Squier Standard Strat SQ STD STRAT RW BKM<br \/>\nGuitarra el\u00e9ctrica Squier Standard Stratocaster RW BKM. La serie Standard de Squier da al modelo Stratocaster una imagen m\u00e1s tradicional, con un m\u00e1stil m\u00e1s fino para facilitar los bendings con una acci\u00f3n m\u00e1s baja, monta pastillas Alnic &#8230;<\/p>\n","protected":false},"excerpt":{"rendered":"<p>!!ATENCION!! Se incluye funda de guitarra el\u00e9ctrica Ortola \/ o Fender<br \/>\n<img loading=\"lazy\" decoding=\"async\" class=\"aligncenter size-medium wp-image-6222\" src=\"https:\/\/www.musicalmollet.com\/wp-content\/uploads\/Funda-guitarra-clasica-Mod.-33-175x300.jpg\" alt=\"\" width=\"175\" height=\"300\" srcset=\"https:\/\/www.musicalmollet.com\/wp-content\/uploads\/Funda-guitarra-clasica-Mod.-33-175x300.jpg 175w, https:\/\/www.musicalmollet.com\/wp-content\/uploads\/Funda-guitarra-clasica-Mod.-33.jpg 292w\" sizes=\"auto, (max-width: 175px) 100vw, 175px\" \/><\/p>\n","protected":false},"featured_media":7052,"comment_status":"open","ping_status":"closed","template":"","meta":{"om_disable_all_campaigns":false},"product_cat":[43],"product_tag":[71],"class_list":["post-2278","product","type-product","status-publish","has-post-thumbnail","hentry","product_cat-guitarra-electrica","product_tag-guitarra"],"aioseo_notices":[],"_links":{"self":[{"href":"https:\/\/www.musicalmollet.com\/index.php\/wp-json\/wp\/v2\/product\/2278","targetHints":{"allow":["GET"]}}],"collection":[{"href":"https:\/\/www.musicalmollet.com\/index.php\/wp-json\/wp\/v2\/product"}],"about":[{"href":"https:\/\/www.musicalmollet.com\/index.php\/wp-json\/wp\/v2\/types\/product"}],"replies":[{"embeddable":true,"href":"https:\/\/www.musicalmollet.com\/index.php\/wp-json\/wp\/v2\/comments?post=2278"}],"wp:featuredmedia":[{"embeddable":true,"href":"https:\/\/www.musicalmollet.com\/index.php\/wp-json\/wp\/v2\/media\/7052"}],"wp:attachment":[{"href":"https:\/\/www.musicalmollet.com\/index.php\/wp-json\/wp\/v2\/media?parent=2278"}],"wp:term":[{"taxonomy":"product_cat","embeddable":true,"href":"https:\/\/www.musicalmollet.com\/index.php\/wp-json\/wp\/v2\/product_cat?post=2278"},{"taxonomy":"product_tag","embeddable":true,"href":"https:\/\/www.musicalmollet.com\/index.php\/wp-json\/wp\/v2\/product_tag?post=2278"}],"curies":[{"name":"wp","href":"https:\/\/api.w.org\/{rel}","templated":true}]}}