{"id":2303,"date":"2017-09-06T19:29:30","date_gmt":"2017-09-06T17:29:30","guid":{"rendered":"http:\/\/www.musicalmollet.com\/wordpress\/?post_type=product&#038;p=2303"},"modified":"2017-09-06T19:29:30","modified_gmt":"2017-09-06T17:29:30","slug":"melodica-horn-32","status":"publish","type":"product","link":"https:\/\/www.musicalmollet.com\/index.php\/producto\/melodica-horn-32\/","title":{"rendered":"Melodica Horn 32"},"content":{"rendered":"<p>MELODY HORN32 MELODICA 32 TECLAS<\/p>\n<p>La mel\u00f3dica es un genial instrumento para aquellos que disfrutan de la interpretaci\u00f3n con teclas estilo piano y el sonido de un instrumento de viento. Recrea los sonidos que en tantos discos has escuchado con la Horn32 de Melody, una mel\u00f3dica divertida y versatil. Acabada en un apacible color azul cielo, esta mel\u00f3dica cuenta con 32 teclas, boquilla, tubo extensible para tocarla sobre mesa y un pr\u00e1ctico estuche a juego. Ya sea como primer instrumento del peque\u00f1o de la casa o como herramienta musical para ampliar los sonidos de tu banda la Horn32 es la mel\u00f3dica que necesitas.<\/p>\n","protected":false},"excerpt":{"rendered":"<p>MELODY HORN32 MELODICA 32 TECLAS La mel\u00f3dica es un genial instrumento para aquellos que disfrutan de la interpretaci\u00f3n con teclas estilo piano y el sonido de un instrumento de viento. Recrea los sonidos que en tantos discos has escuchado con la Horn32 de Melody, una mel\u00f3dica divertida y versatil. Acabada en un apacible color azul [&hellip;]<\/p>\n","protected":false},"featured_media":2304,"comment_status":"open","ping_status":"closed","template":"","meta":{"om_disable_all_campaigns":false},"product_cat":[200],"product_tag":[350],"class_list":["post-2303","product","type-product","status-publish","has-post-thumbnail","hentry","product_cat-melodicas","product_tag-melodicas"],"aioseo_notices":[],"_links":{"self":[{"href":"https:\/\/www.musicalmollet.com\/index.php\/wp-json\/wp\/v2\/product\/2303","targetHints":{"allow":["GET"]}}],"collection":[{"href":"https:\/\/www.musicalmollet.com\/index.php\/wp-json\/wp\/v2\/product"}],"about":[{"href":"https:\/\/www.musicalmollet.com\/index.php\/wp-json\/wp\/v2\/types\/product"}],"replies":[{"embeddable":true,"href":"https:\/\/www.musicalmollet.com\/index.php\/wp-json\/wp\/v2\/comments?post=2303"}],"wp:featuredmedia":[{"embeddable":true,"href":"https:\/\/www.musicalmollet.com\/index.php\/wp-json\/wp\/v2\/media\/2304"}],"wp:attachment":[{"href":"https:\/\/www.musicalmollet.com\/index.php\/wp-json\/wp\/v2\/media?parent=2303"}],"wp:term":[{"taxonomy":"product_cat","embeddable":true,"href":"https:\/\/www.musicalmollet.com\/index.php\/wp-json\/wp\/v2\/product_cat?post=2303"},{"taxonomy":"product_tag","embeddable":true,"href":"https:\/\/www.musicalmollet.com\/index.php\/wp-json\/wp\/v2\/product_tag?post=2303"}],"curies":[{"name":"wp","href":"https:\/\/api.w.org\/{rel}","templated":true}]}}