{"id":2305,"date":"2024-06-08T20:33:43","date_gmt":"2024-06-08T18:33:43","guid":{"rendered":"http:\/\/www.musicalmollet.com\/wordpress\/?post_type=product&#038;p=2305"},"modified":"2024-06-11T20:07:14","modified_gmt":"2024-06-11T18:07:14","slug":"violin-cremona-34","status":"publish","type":"product","link":"https:\/\/www.musicalmollet.com\/index.php\/producto\/violin-cremona-34\/","title":{"rendered":"Violin Cremona V-175 3\/4"},"content":{"rendered":"<p>CREMONA V-175 3\/4<\/p>\n<p>CREMONA V-175 3\/4 VIOLIN<\/p>\n<p>Cremona SV175 3\/4 cuya fabrica siempre ha sido pionera cuando se trata de hacer violines de calidad para satisfacer las demandas del creciente mercado de estudiante. Centrandose principalmente en calidad, pero cumpliendo con un precio espec\u00edfico, se desarroll\u00f3 el nuevo viol\u00edn Premier de Cremona SV175 3\/4. Para los estudiantes avanzdos que deseen tener un violin con unas maderas finamente seleccionadas, una tapa de abeto macizo y un cuerpo de arce flameado macizo y diapason de ebano.<\/p>\n","protected":false},"excerpt":{"rendered":"<p>CREMONA V-175 3\/4 CREMONA V-175 3\/4 VIOLIN Cremona SV175 3\/4 cuya fabrica siempre ha sido pionera cuando se trata de hacer violines de calidad para satisfacer las demandas del creciente mercado de estudiante. Centrandose principalmente en calidad, pero cumpliendo con un precio espec\u00edfico, se desarroll\u00f3 el nuevo viol\u00edn Premier de Cremona SV175 3\/4. Para los [&hellip;]<\/p>\n","protected":false},"featured_media":2306,"comment_status":"open","ping_status":"closed","template":"","meta":{"om_disable_all_campaigns":false},"product_cat":[68],"product_tag":[149],"class_list":["post-2305","product","type-product","status-publish","has-post-thumbnail","hentry","product_cat-violines","product_tag-violin"],"aioseo_notices":[],"_links":{"self":[{"href":"https:\/\/www.musicalmollet.com\/index.php\/wp-json\/wp\/v2\/product\/2305","targetHints":{"allow":["GET"]}}],"collection":[{"href":"https:\/\/www.musicalmollet.com\/index.php\/wp-json\/wp\/v2\/product"}],"about":[{"href":"https:\/\/www.musicalmollet.com\/index.php\/wp-json\/wp\/v2\/types\/product"}],"replies":[{"embeddable":true,"href":"https:\/\/www.musicalmollet.com\/index.php\/wp-json\/wp\/v2\/comments?post=2305"}],"wp:featuredmedia":[{"embeddable":true,"href":"https:\/\/www.musicalmollet.com\/index.php\/wp-json\/wp\/v2\/media\/2306"}],"wp:attachment":[{"href":"https:\/\/www.musicalmollet.com\/index.php\/wp-json\/wp\/v2\/media?parent=2305"}],"wp:term":[{"taxonomy":"product_cat","embeddable":true,"href":"https:\/\/www.musicalmollet.com\/index.php\/wp-json\/wp\/v2\/product_cat?post=2305"},{"taxonomy":"product_tag","embeddable":true,"href":"https:\/\/www.musicalmollet.com\/index.php\/wp-json\/wp\/v2\/product_tag?post=2305"}],"curies":[{"name":"wp","href":"https:\/\/api.w.org\/{rel}","templated":true}]}}