{"id":2327,"date":"2026-04-01T13:38:20","date_gmt":"2026-04-01T11:38:20","guid":{"rendered":"http:\/\/www.musicalmollet.com\/wordpress\/?post_type=product&#038;p=2327"},"modified":"2026-04-01T17:45:12","modified_gmt":"2026-04-01T15:45:12","slug":"metodo-armonica-fasttrack","status":"publish","type":"product","link":"https:\/\/www.musicalmollet.com\/index.php\/producto\/metodo-armonica-fasttrack\/","title":{"rendered":"M\u00e9todo Arm\u00f3nica FastTrack"},"content":{"rendered":"\n<p>Fast Track, ense\u00f1anza musical: Arm\u00f3nica, 1<\/p>\n<p>Downing, Doug; Neely, Blake<br \/>\nISBN: 978-0-634-04359-8<br \/>\nEditorial: Hal Leonard<br \/>\nA\u00f1o de la edici\u00f3n: 2000<br \/>\nColecci\u00f3n: Fast Track<br \/>\nEncuadernaci\u00f3n: R\u00fastica<br \/>\nFormato: 23&#215;30<br \/>\nP\u00e1ginas: 48<br \/>\nIdiomas: Castellano<br \/>\nTipo: M\u00c9TODO\/EJERCICIOS (incluye CD)<\/p>\n<p>Materias:<br \/>\nM\u00e9todos y ejercicios > Viento madera > Arm\u00f3nica > M\u00e9todos <\/p>\n","protected":false},"excerpt":{"rendered":"<p>Fast Track, ense\u00f1anza musical: Arm\u00f3nica, 1 Downing, Doug; Neely, Blake ISBN: 978-0-634-04359-8 Editorial: Hal Leonard A\u00f1o de la edici\u00f3n: 2000 Colecci\u00f3n: Fast Track Encuadernaci\u00f3n: R\u00fastica Formato: 23&#215;30 P\u00e1ginas: 48 Idiomas: Castellano Tipo: M\u00c9TODO\/EJERCICIOS (incluye CD) Materias: M\u00e9todos y ejercicios > Viento madera > Arm\u00f3nica > M\u00e9todos<\/p>\n","protected":false},"featured_media":2328,"comment_status":"open","ping_status":"closed","template":"","meta":{"om_disable_all_campaigns":false},"product_cat":[49],"product_tag":[210],"class_list":["post-2327","product","type-product","status-publish","has-post-thumbnail","hentry","product_cat-libreria-y-metodos","product_tag-libreria-y-metodos"],"aioseo_notices":[],"_links":{"self":[{"href":"https:\/\/www.musicalmollet.com\/index.php\/wp-json\/wp\/v2\/product\/2327","targetHints":{"allow":["GET"]}}],"collection":[{"href":"https:\/\/www.musicalmollet.com\/index.php\/wp-json\/wp\/v2\/product"}],"about":[{"href":"https:\/\/www.musicalmollet.com\/index.php\/wp-json\/wp\/v2\/types\/product"}],"replies":[{"embeddable":true,"href":"https:\/\/www.musicalmollet.com\/index.php\/wp-json\/wp\/v2\/comments?post=2327"}],"wp:featuredmedia":[{"embeddable":true,"href":"https:\/\/www.musicalmollet.com\/index.php\/wp-json\/wp\/v2\/media\/2328"}],"wp:attachment":[{"href":"https:\/\/www.musicalmollet.com\/index.php\/wp-json\/wp\/v2\/media?parent=2327"}],"wp:term":[{"taxonomy":"product_cat","embeddable":true,"href":"https:\/\/www.musicalmollet.com\/index.php\/wp-json\/wp\/v2\/product_cat?post=2327"},{"taxonomy":"product_tag","embeddable":true,"href":"https:\/\/www.musicalmollet.com\/index.php\/wp-json\/wp\/v2\/product_tag?post=2327"}],"curies":[{"name":"wp","href":"https:\/\/api.w.org\/{rel}","templated":true}]}}