{"id":2329,"date":"2017-09-18T18:57:05","date_gmt":"2017-09-18T16:57:05","guid":{"rendered":"http:\/\/www.musicalmollet.com\/wordpress\/?post_type=product&#038;p=2329"},"modified":"2020-10-29T11:58:47","modified_gmt":"2020-10-29T10:58:47","slug":"pandero-honsuy-20-cm","status":"publish","type":"product","link":"https:\/\/www.musicalmollet.com\/index.php\/producto\/pandero-honsuy-20-cm\/","title":{"rendered":"Pandero Honsuy 25 cm parche de piel"},"content":{"rendered":"<p>PANDERO 25 cm.\u00d8 PARCHE PIEL (Ref: 43150)<\/p>\n<p>&#8211; Casco de madera acabado sicomoro.<br \/>\n&#8211; Arillo met\u00e1lico canteado.<br \/>\n&#8211; 4 tensores graduables.<br \/>\n&#8211; Todas las partes met\u00e1licas niqueladas<\/p>\n","protected":false},"excerpt":{"rendered":"<p>PANDERO 25 cm.\u00d8 PARCHE PIEL (Ref: 43150) &#8211; Casco de madera acabado sicomoro. &#8211; Arillo met\u00e1lico canteado. &#8211; 4 tensores graduables. &#8211; Todas las partes met\u00e1licas niqueladas<\/p>\n","protected":false},"featured_media":2330,"comment_status":"open","ping_status":"closed","template":"","meta":{"om_disable_all_campaigns":false},"product_cat":[360],"product_tag":[193],"class_list":["post-2329","product","type-product","status-publish","has-post-thumbnail","hentry","product_cat-panderos","product_tag-percusion"],"aioseo_notices":[],"_links":{"self":[{"href":"https:\/\/www.musicalmollet.com\/index.php\/wp-json\/wp\/v2\/product\/2329","targetHints":{"allow":["GET"]}}],"collection":[{"href":"https:\/\/www.musicalmollet.com\/index.php\/wp-json\/wp\/v2\/product"}],"about":[{"href":"https:\/\/www.musicalmollet.com\/index.php\/wp-json\/wp\/v2\/types\/product"}],"replies":[{"embeddable":true,"href":"https:\/\/www.musicalmollet.com\/index.php\/wp-json\/wp\/v2\/comments?post=2329"}],"wp:featuredmedia":[{"embeddable":true,"href":"https:\/\/www.musicalmollet.com\/index.php\/wp-json\/wp\/v2\/media\/2330"}],"wp:attachment":[{"href":"https:\/\/www.musicalmollet.com\/index.php\/wp-json\/wp\/v2\/media?parent=2329"}],"wp:term":[{"taxonomy":"product_cat","embeddable":true,"href":"https:\/\/www.musicalmollet.com\/index.php\/wp-json\/wp\/v2\/product_cat?post=2329"},{"taxonomy":"product_tag","embeddable":true,"href":"https:\/\/www.musicalmollet.com\/index.php\/wp-json\/wp\/v2\/product_tag?post=2329"}],"curies":[{"name":"wp","href":"https:\/\/api.w.org\/{rel}","templated":true}]}}