{"id":2412,"date":"2017-11-15T13:14:49","date_gmt":"2017-11-15T12:14:49","guid":{"rendered":"http:\/\/www.musicalmollet.com\/wordpress\/?post_type=product&#038;p=2412"},"modified":"2019-08-07T11:25:36","modified_gmt":"2019-08-07T09:25:36","slug":"latin-playalong-for-alto-saxofone","status":"publish","type":"product","link":"https:\/\/www.musicalmollet.com\/index.php\/producto\/latin-playalong-for-alto-saxofone\/","title":{"rendered":"Latin Playalong For Alto Saxofone"},"content":{"rendered":"<p>Guest Spot : Latin for Alto Sax<\/p>\n<p>Instrumentaci\u00f3n: Alto Saxophone (Saxof\u00f3n alto)<br \/>\nMaterial: Score + CD (Partitura + CD)PartituraCD<br \/>\nEditor : Wise Publications<\/p>\n<p>Colecci\u00f3n : Guest Spot<br \/>\nDificultad :<br \/>\nN\u00famero de p\u00e1ginas : 34<br \/>\nFecha de aparici\u00f3n : 2001<br \/>\nCoautores : Arranger : Jack Long<\/p>\n","protected":false},"excerpt":{"rendered":"<p>Guest Spot : Latin for Alto Sax Instrumentaci\u00f3n: Alto Saxophone (Saxof\u00f3n alto) Material: Score + CD (Partitura + CD)PartituraCD Editor : Wise Publications Colecci\u00f3n : Guest Spot Dificultad : N\u00famero de p\u00e1ginas : 34 Fecha de aparici\u00f3n : 2001 Coautores : Arranger : Jack Long<\/p>\n","protected":false},"featured_media":2413,"comment_status":"open","ping_status":"closed","template":"","meta":{"om_disable_all_campaigns":false},"product_cat":[49],"product_tag":[185],"class_list":["post-2412","product","type-product","status-publish","has-post-thumbnail","hentry","product_cat-libreria-y-metodos","product_tag-libreria"],"aioseo_notices":[],"_links":{"self":[{"href":"https:\/\/www.musicalmollet.com\/index.php\/wp-json\/wp\/v2\/product\/2412","targetHints":{"allow":["GET"]}}],"collection":[{"href":"https:\/\/www.musicalmollet.com\/index.php\/wp-json\/wp\/v2\/product"}],"about":[{"href":"https:\/\/www.musicalmollet.com\/index.php\/wp-json\/wp\/v2\/types\/product"}],"replies":[{"embeddable":true,"href":"https:\/\/www.musicalmollet.com\/index.php\/wp-json\/wp\/v2\/comments?post=2412"}],"wp:featuredmedia":[{"embeddable":true,"href":"https:\/\/www.musicalmollet.com\/index.php\/wp-json\/wp\/v2\/media\/2413"}],"wp:attachment":[{"href":"https:\/\/www.musicalmollet.com\/index.php\/wp-json\/wp\/v2\/media?parent=2412"}],"wp:term":[{"taxonomy":"product_cat","embeddable":true,"href":"https:\/\/www.musicalmollet.com\/index.php\/wp-json\/wp\/v2\/product_cat?post=2412"},{"taxonomy":"product_tag","embeddable":true,"href":"https:\/\/www.musicalmollet.com\/index.php\/wp-json\/wp\/v2\/product_tag?post=2412"}],"curies":[{"name":"wp","href":"https:\/\/api.w.org\/{rel}","templated":true}]}}