{"id":2426,"date":"2017-11-17T18:29:37","date_gmt":"2017-11-17T17:29:37","guid":{"rendered":"http:\/\/www.musicalmollet.com\/wordpress\/?post_type=product&#038;p=2426"},"modified":"2018-08-28T20:37:19","modified_gmt":"2018-08-28T18:37:19","slug":"repertori-llenguatge-musical-ireneu-segarra-vol-1","status":"publish","type":"product","link":"https:\/\/www.musicalmollet.com\/index.php\/producto\/repertori-llenguatge-musical-ireneu-segarra-vol-1\/","title":{"rendered":"Llenguatge Musical Primer Curs Repertori Ireneu Segarra"},"content":{"rendered":"<p>Ver las 2 im\u00e1genes <\/p>\n<p>Llenguatge musical. Grau elemental. Primer Curs. Repertori. El meu llibre de m\u00fasica (Llibres de M\u00fasica) (Catal\u00e1n) Tapa blanda  \u2013 13 jun 2003 <\/p>\n<p>de Ireneu Segarra Malla (Autor),?    Santi Riera Subirachs (Autor)   <\/p>\n<p>S\u00e9 el primero en opinar sobre este producto  <\/p>\n","protected":false},"excerpt":{"rendered":"<p>Ver las 2 im\u00e1genes Llenguatge musical. Grau elemental. Primer Curs. Repertori. El meu llibre de m\u00fasica (Llibres de M\u00fasica) (Catal\u00e1n) Tapa blanda \u2013 13 jun 2003 de Ireneu Segarra Malla (Autor),? Santi Riera Subirachs (Autor) S\u00e9 el primero en opinar sobre este producto<\/p>\n","protected":false},"featured_media":2427,"comment_status":"open","ping_status":"closed","template":"","meta":{"om_disable_all_campaigns":false},"product_cat":[49],"product_tag":[210],"class_list":["post-2426","product","type-product","status-publish","has-post-thumbnail","hentry","product_cat-libreria-y-metodos","product_tag-libreria-y-metodos"],"aioseo_notices":[],"_links":{"self":[{"href":"https:\/\/www.musicalmollet.com\/index.php\/wp-json\/wp\/v2\/product\/2426","targetHints":{"allow":["GET"]}}],"collection":[{"href":"https:\/\/www.musicalmollet.com\/index.php\/wp-json\/wp\/v2\/product"}],"about":[{"href":"https:\/\/www.musicalmollet.com\/index.php\/wp-json\/wp\/v2\/types\/product"}],"replies":[{"embeddable":true,"href":"https:\/\/www.musicalmollet.com\/index.php\/wp-json\/wp\/v2\/comments?post=2426"}],"wp:featuredmedia":[{"embeddable":true,"href":"https:\/\/www.musicalmollet.com\/index.php\/wp-json\/wp\/v2\/media\/2427"}],"wp:attachment":[{"href":"https:\/\/www.musicalmollet.com\/index.php\/wp-json\/wp\/v2\/media?parent=2426"}],"wp:term":[{"taxonomy":"product_cat","embeddable":true,"href":"https:\/\/www.musicalmollet.com\/index.php\/wp-json\/wp\/v2\/product_cat?post=2426"},{"taxonomy":"product_tag","embeddable":true,"href":"https:\/\/www.musicalmollet.com\/index.php\/wp-json\/wp\/v2\/product_tag?post=2426"}],"curies":[{"name":"wp","href":"https:\/\/api.w.org\/{rel}","templated":true}]}}