{"id":2451,"date":"2017-11-22T19:16:57","date_gmt":"2017-11-22T18:16:57","guid":{"rendered":"http:\/\/www.musicalmollet.com\/wordpress\/?post_type=product&#038;p=2451"},"modified":"2017-11-22T19:16:57","modified_gmt":"2017-11-22T18:16:57","slug":"foco-ams-par-36-bu","status":"publish","type":"product","link":"https:\/\/www.musicalmollet.com\/index.php\/producto\/foco-ams-par-36-bu\/","title":{"rendered":"Foco AMS Par 36 BU"},"content":{"rendered":"<p>FOCO PAR LED DE36 LEDS DE LED CON 12 LEDs 3 en 1 (RGB) de 3W<br \/>\nFoco par de led de peque\u00f1o tama\u00f1o, con 12 leds de 3w cada uno y con 3 colores por led. Este foco par led es ideal para peque\u00f1as instalaciones tanto en interior como exterior.LED: Tiene 12 LEDs 3 en 1 (RGB) de 3W c.u.<br \/>\nFunciones: DMX 512, Auto-run, Sonido activo, Master-slave.<br \/>\nCanales DMX: 7 canales.<br \/>\nDimensiones: 120 x 120 x 90mm.<br \/>\nPeso: 600g.<br \/>\nAlimentaci\u00f3n: AC 220-240V 50\/60Hz.<\/p>\n","protected":false},"excerpt":{"rendered":"<p>FOCO PAR LED DE36 LEDS DE LED CON 12 LEDs 3 en 1 (RGB) de 3W Foco par de led de peque\u00f1o tama\u00f1o, con 12 leds de 3w cada uno y con 3 colores por led. Este foco par led es ideal para peque\u00f1as instalaciones tanto en interior como exterior.LED: Tiene 12 LEDs 3 en [&hellip;]<\/p>\n","protected":false},"featured_media":2452,"comment_status":"open","ping_status":"closed","template":"","meta":{"om_disable_all_campaigns":false},"product_cat":[46],"product_tag":[182],"class_list":["post-2451","product","type-product","status-publish","has-post-thumbnail","hentry","product_cat-iluminacion-maquinas","product_tag-iluminacion"],"aioseo_notices":[],"_links":{"self":[{"href":"https:\/\/www.musicalmollet.com\/index.php\/wp-json\/wp\/v2\/product\/2451","targetHints":{"allow":["GET"]}}],"collection":[{"href":"https:\/\/www.musicalmollet.com\/index.php\/wp-json\/wp\/v2\/product"}],"about":[{"href":"https:\/\/www.musicalmollet.com\/index.php\/wp-json\/wp\/v2\/types\/product"}],"replies":[{"embeddable":true,"href":"https:\/\/www.musicalmollet.com\/index.php\/wp-json\/wp\/v2\/comments?post=2451"}],"wp:featuredmedia":[{"embeddable":true,"href":"https:\/\/www.musicalmollet.com\/index.php\/wp-json\/wp\/v2\/media\/2452"}],"wp:attachment":[{"href":"https:\/\/www.musicalmollet.com\/index.php\/wp-json\/wp\/v2\/media?parent=2451"}],"wp:term":[{"taxonomy":"product_cat","embeddable":true,"href":"https:\/\/www.musicalmollet.com\/index.php\/wp-json\/wp\/v2\/product_cat?post=2451"},{"taxonomy":"product_tag","embeddable":true,"href":"https:\/\/www.musicalmollet.com\/index.php\/wp-json\/wp\/v2\/product_tag?post=2451"}],"curies":[{"name":"wp","href":"https:\/\/api.w.org\/{rel}","templated":true}]}}