{"id":2487,"date":"2017-12-01T18:23:16","date_gmt":"2017-12-01T17:23:16","guid":{"rendered":"http:\/\/www.musicalmollet.com\/wordpress\/?post_type=product&#038;p=2487"},"modified":"2021-04-16T12:42:34","modified_gmt":"2021-04-16T10:42:34","slug":"guitarra-camps-cut-eco","status":"publish","type":"product","link":"https:\/\/www.musicalmollet.com\/index.php\/producto\/guitarra-camps-cut-eco\/","title":{"rendered":"Guitarra Camps CUT-ECO"},"content":{"rendered":"<p>CAMPS CUT ECO. Guitarra cl\u00e1sica electrificada con cutaway con acabados en barniz mate que mantienen la tonalidad natural de la madera. Incorpora una varilla regulable en el m\u00e1stil, que evitan los problemas de curvatura y permiten que los m\u00e1stiles sean m\u00e1s<br \/>\n.- Tapa de Pino de Oreg\u00f3n<br \/>\n.- Cuerpo de Sapelly<br \/>\n.- Diapas\u00f3n y puente palisandro<br \/>\n.- sistema Fishman clasic III<\/p>\n","protected":false},"excerpt":{"rendered":"<p>CAMPS CUT ECO. Guitarra cl\u00e1sica electrificada con cutaway con acabados en barniz mate que mantienen la tonalidad natural de la madera. Incorpora una varilla regulable en el m\u00e1stil, que evitan los problemas de curvatura y permiten que los m\u00e1stiles sean m\u00e1s .- Tapa de Pino de Oreg\u00f3n .- Cuerpo de Sapelly .- Diapas\u00f3n y puente [&hellip;]<\/p>\n","protected":false},"featured_media":2488,"comment_status":"open","ping_status":"closed","template":"","meta":{"om_disable_all_campaigns":false},"product_cat":[42],"product_tag":[71],"class_list":["post-2487","product","type-product","status-publish","has-post-thumbnail","hentry","product_cat-guitarras-clasicas","product_tag-guitarra"],"aioseo_notices":[],"_links":{"self":[{"href":"https:\/\/www.musicalmollet.com\/index.php\/wp-json\/wp\/v2\/product\/2487","targetHints":{"allow":["GET"]}}],"collection":[{"href":"https:\/\/www.musicalmollet.com\/index.php\/wp-json\/wp\/v2\/product"}],"about":[{"href":"https:\/\/www.musicalmollet.com\/index.php\/wp-json\/wp\/v2\/types\/product"}],"replies":[{"embeddable":true,"href":"https:\/\/www.musicalmollet.com\/index.php\/wp-json\/wp\/v2\/comments?post=2487"}],"wp:featuredmedia":[{"embeddable":true,"href":"https:\/\/www.musicalmollet.com\/index.php\/wp-json\/wp\/v2\/media\/2488"}],"wp:attachment":[{"href":"https:\/\/www.musicalmollet.com\/index.php\/wp-json\/wp\/v2\/media?parent=2487"}],"wp:term":[{"taxonomy":"product_cat","embeddable":true,"href":"https:\/\/www.musicalmollet.com\/index.php\/wp-json\/wp\/v2\/product_cat?post=2487"},{"taxonomy":"product_tag","embeddable":true,"href":"https:\/\/www.musicalmollet.com\/index.php\/wp-json\/wp\/v2\/product_tag?post=2487"}],"curies":[{"name":"wp","href":"https:\/\/api.w.org\/{rel}","templated":true}]}}