{"id":2569,"date":"2018-02-17T11:40:06","date_gmt":"2018-02-17T10:40:06","guid":{"rendered":"http:\/\/www.musicalmollet.com\/wordpress\/?post_type=product&#038;p=2569"},"modified":"2018-02-17T11:43:43","modified_gmt":"2018-02-17T10:43:43","slug":"juego-cuerdas-violin-daddario-prelude-1-2","status":"publish","type":"product","link":"https:\/\/www.musicalmollet.com\/index.php\/producto\/juego-cuerdas-violin-daddario-prelude-1-2\/","title":{"rendered":"Juego Cuerdas Violin D\u00b4Addario Prelude 1\/2"},"content":{"rendered":"<p>Juego cuerdas de tensi\u00f3n media para violin<br \/>\n\u2022 Hechas con un n\u00facleo de acero s\u00f3lido<br \/>\n\u2022 No son afectadas por cambios de temperatura ni de humedad y ofrecen una incre\u00edble respuesta del arco<br \/>\n\u2022 Brindan el sonido m\u00e1s c\u00e1lido disponible en cuerdas con n\u00facleo de acero s\u00f3lido <\/p>\n","protected":false},"excerpt":{"rendered":"<p>Juego cuerdas de tensi\u00f3n media para violin \u2022 Hechas con un n\u00facleo de acero s\u00f3lido \u2022 No son afectadas por cambios de temperatura ni de humedad y ofrecen una incre\u00edble respuesta del arco \u2022 Brindan el sonido m\u00e1s c\u00e1lido disponible en cuerdas con n\u00facleo de acero s\u00f3lido<\/p>\n","protected":false},"featured_media":2571,"comment_status":"open","ping_status":"closed","template":"","meta":{"om_disable_all_campaigns":false},"product_cat":[106],"product_tag":[171],"class_list":["post-2569","product","type-product","status-publish","has-post-thumbnail","hentry","product_cat-cuerdas-violin","product_tag-cuerdas"],"aioseo_notices":[],"_links":{"self":[{"href":"https:\/\/www.musicalmollet.com\/index.php\/wp-json\/wp\/v2\/product\/2569","targetHints":{"allow":["GET"]}}],"collection":[{"href":"https:\/\/www.musicalmollet.com\/index.php\/wp-json\/wp\/v2\/product"}],"about":[{"href":"https:\/\/www.musicalmollet.com\/index.php\/wp-json\/wp\/v2\/types\/product"}],"replies":[{"embeddable":true,"href":"https:\/\/www.musicalmollet.com\/index.php\/wp-json\/wp\/v2\/comments?post=2569"}],"wp:featuredmedia":[{"embeddable":true,"href":"https:\/\/www.musicalmollet.com\/index.php\/wp-json\/wp\/v2\/media\/2571"}],"wp:attachment":[{"href":"https:\/\/www.musicalmollet.com\/index.php\/wp-json\/wp\/v2\/media?parent=2569"}],"wp:term":[{"taxonomy":"product_cat","embeddable":true,"href":"https:\/\/www.musicalmollet.com\/index.php\/wp-json\/wp\/v2\/product_cat?post=2569"},{"taxonomy":"product_tag","embeddable":true,"href":"https:\/\/www.musicalmollet.com\/index.php\/wp-json\/wp\/v2\/product_tag?post=2569"}],"curies":[{"name":"wp","href":"https:\/\/api.w.org\/{rel}","templated":true}]}}