{"id":2572,"date":"2023-03-07T12:00:20","date_gmt":"2023-03-07T11:00:20","guid":{"rendered":"http:\/\/www.musicalmollet.com\/wordpress\/?post_type=product&#038;p=2572"},"modified":"2023-03-07T12:29:51","modified_gmt":"2023-03-07T11:29:51","slug":"juego-cuerdas-violin-daddario-prelude-3-4-o-4-4","status":"publish","type":"product","link":"https:\/\/www.musicalmollet.com\/index.php\/producto\/juego-cuerdas-violin-daddario-prelude-3-4-o-4-4\/","title":{"rendered":"Juego Cuerdas Violin D\u00b4Addario Prelude 3\/4 o 4\/4"},"content":{"rendered":"<p> Juego cuerdas de tensi\u00f3n media para violin<br \/>\n\u2022 Hechas con un n\u00facleo de acero s\u00f3lido<br \/>\n\u2022 No son afectadas por cambios de temperatura ni de humedad y ofrecen una incre\u00edble respuesta del arco<br \/>\n\u2022 Brindan el sonido m\u00e1s c\u00e1lido disponible en cuerdas con n\u00facleo de acero s\u00f3lido <\/p>\n<p>Se\u00f1alar en el pedido 3\/4 o 4\/4<\/p>\n","protected":false},"excerpt":{"rendered":"<p>Juego cuerdas de tensi\u00f3n media para violin \u2022 Hechas con un n\u00facleo de acero s\u00f3lido \u2022 No son afectadas por cambios de temperatura ni de humedad y ofrecen una incre\u00edble respuesta del arco \u2022 Brindan el sonido m\u00e1s c\u00e1lido disponible en cuerdas con n\u00facleo de acero s\u00f3lido Se\u00f1alar en el pedido 3\/4 o 4\/4<\/p>\n","protected":false},"featured_media":2571,"comment_status":"open","ping_status":"closed","template":"","meta":{"om_disable_all_campaigns":false},"product_cat":[106],"product_tag":[171],"class_list":["post-2572","product","type-product","status-publish","has-post-thumbnail","hentry","product_cat-cuerdas-violin","product_tag-cuerdas"],"aioseo_notices":[],"_links":{"self":[{"href":"https:\/\/www.musicalmollet.com\/index.php\/wp-json\/wp\/v2\/product\/2572","targetHints":{"allow":["GET"]}}],"collection":[{"href":"https:\/\/www.musicalmollet.com\/index.php\/wp-json\/wp\/v2\/product"}],"about":[{"href":"https:\/\/www.musicalmollet.com\/index.php\/wp-json\/wp\/v2\/types\/product"}],"replies":[{"embeddable":true,"href":"https:\/\/www.musicalmollet.com\/index.php\/wp-json\/wp\/v2\/comments?post=2572"}],"wp:featuredmedia":[{"embeddable":true,"href":"https:\/\/www.musicalmollet.com\/index.php\/wp-json\/wp\/v2\/media\/2571"}],"wp:attachment":[{"href":"https:\/\/www.musicalmollet.com\/index.php\/wp-json\/wp\/v2\/media?parent=2572"}],"wp:term":[{"taxonomy":"product_cat","embeddable":true,"href":"https:\/\/www.musicalmollet.com\/index.php\/wp-json\/wp\/v2\/product_cat?post=2572"},{"taxonomy":"product_tag","embeddable":true,"href":"https:\/\/www.musicalmollet.com\/index.php\/wp-json\/wp\/v2\/product_tag?post=2572"}],"curies":[{"name":"wp","href":"https:\/\/api.w.org\/{rel}","templated":true}]}}