{"id":2614,"date":"2018-03-08T13:04:03","date_gmt":"2018-03-08T12:04:03","guid":{"rendered":"http:\/\/www.musicalmollet.com\/wordpress\/?post_type=product&#038;p=2614"},"modified":"2018-03-08T13:04:03","modified_gmt":"2018-03-08T12:04:03","slug":"el-libro-de-los-acordes-de-guitarra","status":"publish","type":"product","link":"https:\/\/www.musicalmollet.com\/index.php\/producto\/el-libro-de-los-acordes-de-guitarra\/","title":{"rendered":"El libro de los acordes de guitarra"},"content":{"rendered":"<p>Descripci\u00f3n<\/p>\n<p>Excelente recompilaci\u00f3n en diagramas grandes y claros de 864 formas y posiciones de los acordes m\u00e1s usuales, agrupados en order crom\u00e1tico.<\/p>\n<p>Langue : en espagnol<\/p>\n","protected":false},"excerpt":{"rendered":"<p>Descripci\u00f3n Excelente recompilaci\u00f3n en diagramas grandes y claros de 864 formas y posiciones de los acordes m\u00e1s usuales, agrupados en order crom\u00e1tico. Langue : en espagnol<\/p>\n","protected":false},"featured_media":2615,"comment_status":"open","ping_status":"closed","template":"","meta":{"om_disable_all_campaigns":false},"product_cat":[49],"product_tag":[210],"class_list":["post-2614","product","type-product","status-publish","has-post-thumbnail","hentry","product_cat-libreria-y-metodos","product_tag-libreria-y-metodos"],"aioseo_notices":[],"_links":{"self":[{"href":"https:\/\/www.musicalmollet.com\/index.php\/wp-json\/wp\/v2\/product\/2614","targetHints":{"allow":["GET"]}}],"collection":[{"href":"https:\/\/www.musicalmollet.com\/index.php\/wp-json\/wp\/v2\/product"}],"about":[{"href":"https:\/\/www.musicalmollet.com\/index.php\/wp-json\/wp\/v2\/types\/product"}],"replies":[{"embeddable":true,"href":"https:\/\/www.musicalmollet.com\/index.php\/wp-json\/wp\/v2\/comments?post=2614"}],"wp:featuredmedia":[{"embeddable":true,"href":"https:\/\/www.musicalmollet.com\/index.php\/wp-json\/wp\/v2\/media\/2615"}],"wp:attachment":[{"href":"https:\/\/www.musicalmollet.com\/index.php\/wp-json\/wp\/v2\/media?parent=2614"}],"wp:term":[{"taxonomy":"product_cat","embeddable":true,"href":"https:\/\/www.musicalmollet.com\/index.php\/wp-json\/wp\/v2\/product_cat?post=2614"},{"taxonomy":"product_tag","embeddable":true,"href":"https:\/\/www.musicalmollet.com\/index.php\/wp-json\/wp\/v2\/product_tag?post=2614"}],"curies":[{"name":"wp","href":"https:\/\/api.w.org\/{rel}","templated":true}]}}