{"id":2618,"date":"2018-03-08T13:37:23","date_gmt":"2018-03-08T12:37:23","guid":{"rendered":"http:\/\/www.musicalmollet.com\/wordpress\/?post_type=product&#038;p=2618"},"modified":"2018-03-08T13:40:39","modified_gmt":"2018-03-08T12:40:39","slug":"abrazadera-saxo-alto-bg-standard-l-12","status":"publish","type":"product","link":"https:\/\/www.musicalmollet.com\/index.php\/producto\/abrazadera-saxo-alto-bg-standard-l-12\/","title":{"rendered":"Abrazadera Saxo Alto BG Standard L-12"},"content":{"rendered":"<p>Abrazadera Y Boquillero Saxo Alto BG L12 Standard<\/p>\n<p>28,00 \u20ac impuestos inc.<\/p>\n<p>Conjunto de abrazadera y boquillero de la marca BG para saxof\u00f3n alto. Modelo Standard. La abrazadera ideal para conjuntos y m\u00fasica de camara. Sonido m\u00e1s..<\/p>\n","protected":false},"excerpt":{"rendered":"<p>Abrazadera Y Boquillero Saxo Alto BG L12 Standard 28,00 \u20ac impuestos inc. Conjunto de abrazadera y boquillero de la marca BG para saxof\u00f3n alto. Modelo Standard. La abrazadera ideal para conjuntos y m\u00fasica de camara. Sonido m\u00e1s..<\/p>\n","protected":false},"featured_media":2619,"comment_status":"open","ping_status":"closed","template":"","meta":{"om_disable_all_campaigns":false},"product_cat":[202,201],"product_tag":[268,266],"class_list":["post-2618","product","type-product","status-publish","has-post-thumbnail","hentry","product_cat-abrazaderas-saxo-accesorioviento","product_cat-abrazaderas-saxo","product_tag-accesorios","product_tag-accesorios-viento"],"aioseo_notices":[],"_links":{"self":[{"href":"https:\/\/www.musicalmollet.com\/index.php\/wp-json\/wp\/v2\/product\/2618","targetHints":{"allow":["GET"]}}],"collection":[{"href":"https:\/\/www.musicalmollet.com\/index.php\/wp-json\/wp\/v2\/product"}],"about":[{"href":"https:\/\/www.musicalmollet.com\/index.php\/wp-json\/wp\/v2\/types\/product"}],"replies":[{"embeddable":true,"href":"https:\/\/www.musicalmollet.com\/index.php\/wp-json\/wp\/v2\/comments?post=2618"}],"wp:featuredmedia":[{"embeddable":true,"href":"https:\/\/www.musicalmollet.com\/index.php\/wp-json\/wp\/v2\/media\/2619"}],"wp:attachment":[{"href":"https:\/\/www.musicalmollet.com\/index.php\/wp-json\/wp\/v2\/media?parent=2618"}],"wp:term":[{"taxonomy":"product_cat","embeddable":true,"href":"https:\/\/www.musicalmollet.com\/index.php\/wp-json\/wp\/v2\/product_cat?post=2618"},{"taxonomy":"product_tag","embeddable":true,"href":"https:\/\/www.musicalmollet.com\/index.php\/wp-json\/wp\/v2\/product_tag?post=2618"}],"curies":[{"name":"wp","href":"https:\/\/api.w.org\/{rel}","templated":true}]}}