{"id":2737,"date":"2018-05-15T19:49:45","date_gmt":"2018-05-15T17:49:45","guid":{"rendered":"http:\/\/www.musicalmollet.com\/wordpress\/?post_type=product&#038;p=2737"},"modified":"2018-05-15T19:49:45","modified_gmt":"2018-05-15T17:49:45","slug":"cable-yellow-mini-jack-a-2-rca","status":"publish","type":"product","link":"https:\/\/www.musicalmollet.com\/index.php\/producto\/cable-yellow-mini-jack-a-2-rca\/","title":{"rendered":"Cable Yellow  Mini Jack a 2 RCA"},"content":{"rendered":"<p>C\u00e2ble adaptateur mini-jack 3,5 mm st\u00e9r\u00e9o m\u00e2le vers 2 RCA m\u00e2le.<br \/>\nFiches en m\u00e9tal. Longueur 3 m\u00e8tres. Permet de brancher une sortie de lecteur portable type iPOD ou CD dans une entr\u00e9e auxilliare au format RCA (CINCH).<\/p>\n","protected":false},"excerpt":{"rendered":"<p>C\u00e2ble adaptateur mini-jack 3,5 mm st\u00e9r\u00e9o m\u00e2le vers 2 RCA m\u00e2le. Fiches en m\u00e9tal. Longueur 3 m\u00e8tres. Permet de brancher une sortie de lecteur portable type iPOD ou CD dans une entr\u00e9e auxilliare au format RCA (CINCH).<\/p>\n","protected":false},"featured_media":2738,"comment_status":"open","ping_status":"closed","template":"","meta":{"om_disable_all_campaigns":false},"product_cat":[28],"product_tag":[164],"class_list":["post-2737","product","type-product","status-publish","has-post-thumbnail","hentry","product_cat-cablesyconectores","product_tag-cables"],"aioseo_notices":[],"_links":{"self":[{"href":"https:\/\/www.musicalmollet.com\/index.php\/wp-json\/wp\/v2\/product\/2737","targetHints":{"allow":["GET"]}}],"collection":[{"href":"https:\/\/www.musicalmollet.com\/index.php\/wp-json\/wp\/v2\/product"}],"about":[{"href":"https:\/\/www.musicalmollet.com\/index.php\/wp-json\/wp\/v2\/types\/product"}],"replies":[{"embeddable":true,"href":"https:\/\/www.musicalmollet.com\/index.php\/wp-json\/wp\/v2\/comments?post=2737"}],"wp:featuredmedia":[{"embeddable":true,"href":"https:\/\/www.musicalmollet.com\/index.php\/wp-json\/wp\/v2\/media\/2738"}],"wp:attachment":[{"href":"https:\/\/www.musicalmollet.com\/index.php\/wp-json\/wp\/v2\/media?parent=2737"}],"wp:term":[{"taxonomy":"product_cat","embeddable":true,"href":"https:\/\/www.musicalmollet.com\/index.php\/wp-json\/wp\/v2\/product_cat?post=2737"},{"taxonomy":"product_tag","embeddable":true,"href":"https:\/\/www.musicalmollet.com\/index.php\/wp-json\/wp\/v2\/product_tag?post=2737"}],"curies":[{"name":"wp","href":"https:\/\/api.w.org\/{rel}","templated":true}]}}