{"id":2758,"date":"2022-07-20T12:27:31","date_gmt":"2022-07-20T10:27:31","guid":{"rendered":"http:\/\/www.musicalmollet.com\/wordpress\/?post_type=product&#038;p=2758"},"modified":"2022-07-21T11:54:35","modified_gmt":"2022-07-21T09:54:35","slug":"ukelele-marktinez-uk-23","status":"publish","type":"product","link":"https:\/\/www.musicalmollet.com\/index.php\/producto\/ukelele-marktinez-uk-23\/","title":{"rendered":"Ukelele Marktinez UK 23"},"content":{"rendered":"<p>Los Ukeleles de MARKTINEZ est\u00e1n fabricados con maderas seleccionadas.<\/p>\n<p>? Caracter\u00edsticas<\/p>\n<p>M\u00e1stil de sapele.<br \/>\nPuente de palosanto.<br \/>\n17 trastes.<br \/>\nTrasera y laterales en sapele.<br \/>\nDiapas\u00f3n de palosanto.<\/p>\n","protected":false},"excerpt":{"rendered":"<p>Los Ukeleles de MARKTINEZ est\u00e1n fabricados con maderas seleccionadas. ? Caracter\u00edsticas M\u00e1stil de sapele. Puente de palosanto. 17 trastes. Trasera y laterales en sapele. Diapas\u00f3n de palosanto.<\/p>\n","protected":false},"featured_media":2759,"comment_status":"open","ping_status":"closed","template":"","meta":{"om_disable_all_campaigns":false},"product_cat":[67],"product_tag":[172],"class_list":["post-2758","product","type-product","status-publish","has-post-thumbnail","hentry","product_cat-ukeleles","product_tag-ukelele"],"aioseo_notices":[],"_links":{"self":[{"href":"https:\/\/www.musicalmollet.com\/index.php\/wp-json\/wp\/v2\/product\/2758","targetHints":{"allow":["GET"]}}],"collection":[{"href":"https:\/\/www.musicalmollet.com\/index.php\/wp-json\/wp\/v2\/product"}],"about":[{"href":"https:\/\/www.musicalmollet.com\/index.php\/wp-json\/wp\/v2\/types\/product"}],"replies":[{"embeddable":true,"href":"https:\/\/www.musicalmollet.com\/index.php\/wp-json\/wp\/v2\/comments?post=2758"}],"wp:featuredmedia":[{"embeddable":true,"href":"https:\/\/www.musicalmollet.com\/index.php\/wp-json\/wp\/v2\/media\/2759"}],"wp:attachment":[{"href":"https:\/\/www.musicalmollet.com\/index.php\/wp-json\/wp\/v2\/media?parent=2758"}],"wp:term":[{"taxonomy":"product_cat","embeddable":true,"href":"https:\/\/www.musicalmollet.com\/index.php\/wp-json\/wp\/v2\/product_cat?post=2758"},{"taxonomy":"product_tag","embeddable":true,"href":"https:\/\/www.musicalmollet.com\/index.php\/wp-json\/wp\/v2\/product_tag?post=2758"}],"curies":[{"name":"wp","href":"https:\/\/api.w.org\/{rel}","templated":true}]}}