{"id":2819,"date":"2025-05-12T12:48:54","date_gmt":"2025-05-12T10:48:54","guid":{"rendered":"http:\/\/www.musicalmollet.com\/wordpress\/?post_type=product&#038;p=2819"},"modified":"2025-05-12T19:41:50","modified_gmt":"2025-05-12T17:41:50","slug":"melodica-hohner-student-32-azul","status":"publish","type":"product","link":"https:\/\/www.musicalmollet.com\/index.php\/producto\/melodica-hohner-student-32-azul\/","title":{"rendered":"Melodica Hohner Student 32"},"content":{"rendered":"<p>Ref: 994347<\/p>\n<p>Student 32 azul Melodica. Con su rango y construcci\u00f3n es la melodica perfecta para acompa\u00f1ar a los instrumentos cl\u00e1sicos de escuela. Precisi\u00f3n y f\u00e1cil respuesta. 32 notas, rango de f &#8211; c, funda de pl\u00e1stico. Peso: 600 <\/p>\n","protected":false},"excerpt":{"rendered":"<p>Ref: 994347 Student 32 azul Melodica. Con su rango y construcci\u00f3n es la melodica perfecta para acompa\u00f1ar a los instrumentos cl\u00e1sicos de escuela. Precisi\u00f3n y f\u00e1cil respuesta. 32 notas, rango de f &#8211; c, funda de pl\u00e1stico. Peso: 600<\/p>\n","protected":false},"featured_media":2820,"comment_status":"open","ping_status":"closed","template":"","meta":{"om_disable_all_campaigns":false},"product_cat":[200],"product_tag":[350],"class_list":["post-2819","product","type-product","status-publish","has-post-thumbnail","hentry","product_cat-melodicas","product_tag-melodicas"],"aioseo_notices":[],"_links":{"self":[{"href":"https:\/\/www.musicalmollet.com\/index.php\/wp-json\/wp\/v2\/product\/2819","targetHints":{"allow":["GET"]}}],"collection":[{"href":"https:\/\/www.musicalmollet.com\/index.php\/wp-json\/wp\/v2\/product"}],"about":[{"href":"https:\/\/www.musicalmollet.com\/index.php\/wp-json\/wp\/v2\/types\/product"}],"replies":[{"embeddable":true,"href":"https:\/\/www.musicalmollet.com\/index.php\/wp-json\/wp\/v2\/comments?post=2819"}],"wp:featuredmedia":[{"embeddable":true,"href":"https:\/\/www.musicalmollet.com\/index.php\/wp-json\/wp\/v2\/media\/2820"}],"wp:attachment":[{"href":"https:\/\/www.musicalmollet.com\/index.php\/wp-json\/wp\/v2\/media?parent=2819"}],"wp:term":[{"taxonomy":"product_cat","embeddable":true,"href":"https:\/\/www.musicalmollet.com\/index.php\/wp-json\/wp\/v2\/product_cat?post=2819"},{"taxonomy":"product_tag","embeddable":true,"href":"https:\/\/www.musicalmollet.com\/index.php\/wp-json\/wp\/v2\/product_tag?post=2819"}],"curies":[{"name":"wp","href":"https:\/\/api.w.org\/{rel}","templated":true}]}}