{"id":2850,"date":"2018-06-07T18:40:16","date_gmt":"2018-06-07T16:40:16","guid":{"rendered":"http:\/\/www.musicalmollet.com\/wordpress\/?post_type=product&#038;p=2850"},"modified":"2018-06-07T18:40:17","modified_gmt":"2018-06-07T16:40:17","slug":"guitarra-clasica-admira-rosario","status":"publish","type":"product","link":"https:\/\/www.musicalmollet.com\/index.php\/producto\/guitarra-clasica-admira-rosario\/","title":{"rendered":"Guitarra Clasica Admira Rosario"},"content":{"rendered":"<p>Guitarra \u00a8ADMIRA\u00a8 Rosario<\/p>\n<p>N\u00ba PRODUCTO: ADM0450<\/p>\n<p>Tapa de Pino Oreg\u00f3n.<\/p>\n<p>Cuerpo de madera de Sapeli.<\/p>\n<p>Brazo de caoba africana.<\/p>\n<p>Diapas\u00f3n  y puente: Kabukalli.<\/p>\n<p>Con ribete negro en la tapa y fondo.<\/p>\n<p>Clavijero mec\u00e1nico niquelado.<\/p>\n<p>Tac\u00f3n completo.<\/p>\n<p>Trastes de alpaca.<\/p>\n<p> 150,00 \u20ac  <\/p>\n<p>PVP Recomendado (IVA incluido)  <\/p>\n<p>En existencia En existencia<\/p>\n","protected":false},"excerpt":{"rendered":"<p>Guitarra \u00a8ADMIRA\u00a8 Rosario N\u00ba PRODUCTO: ADM0450 Tapa de Pino Oreg\u00f3n. Cuerpo de madera de Sapeli. Brazo de caoba africana. Diapas\u00f3n y puente: Kabukalli. Con ribete negro en la tapa y fondo. Clavijero mec\u00e1nico niquelado. Tac\u00f3n completo. Trastes de alpaca. 150,00 \u20ac PVP Recomendado (IVA incluido) En existencia En existencia<\/p>\n","protected":false},"featured_media":2851,"comment_status":"open","ping_status":"closed","template":"","meta":{"om_disable_all_campaigns":false},"product_cat":[42],"product_tag":[71],"class_list":["post-2850","product","type-product","status-publish","has-post-thumbnail","hentry","product_cat-guitarras-clasicas","product_tag-guitarra"],"aioseo_notices":[],"_links":{"self":[{"href":"https:\/\/www.musicalmollet.com\/index.php\/wp-json\/wp\/v2\/product\/2850","targetHints":{"allow":["GET"]}}],"collection":[{"href":"https:\/\/www.musicalmollet.com\/index.php\/wp-json\/wp\/v2\/product"}],"about":[{"href":"https:\/\/www.musicalmollet.com\/index.php\/wp-json\/wp\/v2\/types\/product"}],"replies":[{"embeddable":true,"href":"https:\/\/www.musicalmollet.com\/index.php\/wp-json\/wp\/v2\/comments?post=2850"}],"wp:featuredmedia":[{"embeddable":true,"href":"https:\/\/www.musicalmollet.com\/index.php\/wp-json\/wp\/v2\/media\/2851"}],"wp:attachment":[{"href":"https:\/\/www.musicalmollet.com\/index.php\/wp-json\/wp\/v2\/media?parent=2850"}],"wp:term":[{"taxonomy":"product_cat","embeddable":true,"href":"https:\/\/www.musicalmollet.com\/index.php\/wp-json\/wp\/v2\/product_cat?post=2850"},{"taxonomy":"product_tag","embeddable":true,"href":"https:\/\/www.musicalmollet.com\/index.php\/wp-json\/wp\/v2\/product_tag?post=2850"}],"curies":[{"name":"wp","href":"https:\/\/api.w.org\/{rel}","templated":true}]}}