{"id":2917,"date":"2018-08-27T19:32:23","date_gmt":"2018-08-27T17:32:23","guid":{"rendered":"http:\/\/www.musicalmollet.com\/wordpress\/?post_type=product&#038;p=2917"},"modified":"2025-03-22T11:44:17","modified_gmt":"2025-03-22T10:44:17","slug":"amplificador-marshall-ms-2","status":"publish","type":"product","link":"https:\/\/www.musicalmollet.com\/index.php\/producto\/amplificador-marshall-ms-2\/","title":{"rendered":"Amplificador Marshall MS-2"},"content":{"rendered":"<p>Mini amplificador<\/p>\n<p>El MS-2 es lo m\u00e1s en cuesti\u00f3n de amplificadores en miniatura. Se deja alimentar por bater\u00eda o transformador, y con su peque\u00f1a carcasa de tan solo 14 x 11 x 6 cm proyecta aut\u00e9ntico y lleno sonido Marshall. Este peque\u00f1o \u00abmilagro sonoro\u00bb puede funcionar en modos Clean y Overdrive, y dispone de un regulador de volumen y un regulador de tono.\u00a1Adem\u00e1s tiene una salida de auriculares, con la que tambi\u00e9n se puede manejar un amplificador externo!<\/p>\n<p>1 W<\/p>\n<p>Est\u00e1ndar<\/p>\n<p>Color: Terminaci\u00f3n cl\u00e1sica en negro y plateado<\/p>\n<p>Modo Clean y Overdrive<\/p>\n<p>Salida de auriculares<\/p>\n<p>Medidas: 140 x 110 x 60 mm<\/p>\n<p>Alimentaci\u00f3n por bater\u00eda de 9V opcional (132579) o transformador opcional de 9V DC (409939), ambos no incluidos<\/p>\n","protected":false},"excerpt":{"rendered":"<p>Mini amplificador El MS-2 es lo m\u00e1s en cuesti\u00f3n de amplificadores en miniatura. Se deja alimentar por bater\u00eda o transformador, y con su peque\u00f1a carcasa de tan solo 14 x 11 x 6 cm proyecta aut\u00e9ntico y lleno sonido Marshall. Este peque\u00f1o \u00abmilagro sonoro\u00bb puede funcionar en modos Clean y Overdrive, y dispone de un [&hellip;]<\/p>\n","protected":false},"featured_media":2918,"comment_status":"open","ping_status":"closed","template":"","meta":{"om_disable_all_campaigns":false},"product_cat":[19],"product_tag":[156],"class_list":["post-2917","product","type-product","status-publish","has-post-thumbnail","hentry","product_cat-amplificadoresguitarra","product_tag-amplificadores"],"aioseo_notices":[],"_links":{"self":[{"href":"https:\/\/www.musicalmollet.com\/index.php\/wp-json\/wp\/v2\/product\/2917","targetHints":{"allow":["GET"]}}],"collection":[{"href":"https:\/\/www.musicalmollet.com\/index.php\/wp-json\/wp\/v2\/product"}],"about":[{"href":"https:\/\/www.musicalmollet.com\/index.php\/wp-json\/wp\/v2\/types\/product"}],"replies":[{"embeddable":true,"href":"https:\/\/www.musicalmollet.com\/index.php\/wp-json\/wp\/v2\/comments?post=2917"}],"wp:featuredmedia":[{"embeddable":true,"href":"https:\/\/www.musicalmollet.com\/index.php\/wp-json\/wp\/v2\/media\/2918"}],"wp:attachment":[{"href":"https:\/\/www.musicalmollet.com\/index.php\/wp-json\/wp\/v2\/media?parent=2917"}],"wp:term":[{"taxonomy":"product_cat","embeddable":true,"href":"https:\/\/www.musicalmollet.com\/index.php\/wp-json\/wp\/v2\/product_cat?post=2917"},{"taxonomy":"product_tag","embeddable":true,"href":"https:\/\/www.musicalmollet.com\/index.php\/wp-json\/wp\/v2\/product_tag?post=2917"}],"curies":[{"name":"wp","href":"https:\/\/api.w.org\/{rel}","templated":true}]}}