{"id":2928,"date":"2024-07-11T11:42:25","date_gmt":"2024-07-11T09:42:25","guid":{"rendered":"http:\/\/www.musicalmollet.com\/wordpress\/?post_type=product&#038;p=2928"},"modified":"2024-07-11T19:17:49","modified_gmt":"2024-07-11T17:17:49","slug":"tecnic-saxo-vol-2","status":"publish","type":"product","link":"https:\/\/www.musicalmollet.com\/index.php\/producto\/tecnic-saxo-vol-2\/","title":{"rendered":"Tecnic Saxo Vol 2"},"content":{"rendered":"<p>Paginas interiors<\/p>\n<p>Descargar<\/p>\n<p>Autor<\/p>\n<p>Josep M. Aparicio <\/p>\n<p>\u00c1mbito<\/p>\n<p>Escuelas de M\u00fasica i Conservatorios Grado Elemental<\/p>\n<p>Colecci\u00f3n<\/p>\n<p>T\u00e8cnic sax N\u00fam. 2<\/p>\n<p>Idioma<\/p>\n<p>Castellano, Catal\u00e1n, Ingl\u00e9s\t<\/p>\n<p>Formato<\/p>\n<p>Libro<br \/>\nJosep Maria Aparicio<\/p>\n","protected":false},"excerpt":{"rendered":"<p>Paginas interiors Descargar Autor Josep M. Aparicio \u00c1mbito Escuelas de M\u00fasica i Conservatorios Grado Elemental Colecci\u00f3n T\u00e8cnic sax N\u00fam. 2 Idioma Castellano, Catal\u00e1n, Ingl\u00e9s Formato Libro Josep Maria Aparicio<\/p>\n","protected":false},"featured_media":2929,"comment_status":"open","ping_status":"closed","template":"","meta":{"om_disable_all_campaigns":false},"product_cat":[49],"product_tag":[210],"class_list":["post-2928","product","type-product","status-publish","has-post-thumbnail","hentry","product_cat-libreria-y-metodos","product_tag-libreria-y-metodos"],"aioseo_notices":[],"_links":{"self":[{"href":"https:\/\/www.musicalmollet.com\/index.php\/wp-json\/wp\/v2\/product\/2928","targetHints":{"allow":["GET"]}}],"collection":[{"href":"https:\/\/www.musicalmollet.com\/index.php\/wp-json\/wp\/v2\/product"}],"about":[{"href":"https:\/\/www.musicalmollet.com\/index.php\/wp-json\/wp\/v2\/types\/product"}],"replies":[{"embeddable":true,"href":"https:\/\/www.musicalmollet.com\/index.php\/wp-json\/wp\/v2\/comments?post=2928"}],"wp:featuredmedia":[{"embeddable":true,"href":"https:\/\/www.musicalmollet.com\/index.php\/wp-json\/wp\/v2\/media\/2929"}],"wp:attachment":[{"href":"https:\/\/www.musicalmollet.com\/index.php\/wp-json\/wp\/v2\/media?parent=2928"}],"wp:term":[{"taxonomy":"product_cat","embeddable":true,"href":"https:\/\/www.musicalmollet.com\/index.php\/wp-json\/wp\/v2\/product_cat?post=2928"},{"taxonomy":"product_tag","embeddable":true,"href":"https:\/\/www.musicalmollet.com\/index.php\/wp-json\/wp\/v2\/product_tag?post=2928"}],"curies":[{"name":"wp","href":"https:\/\/api.w.org\/{rel}","templated":true}]}}