{"id":2995,"date":"2018-11-08T19:45:27","date_gmt":"2018-11-08T18:45:27","guid":{"rendered":"http:\/\/www.musicalmollet.com\/wordpress\/?post_type=product&#038;p=2995"},"modified":"2018-12-21T20:20:51","modified_gmt":"2018-12-21T19:20:51","slug":"microfono-inalambrico-ek-audio-cabeza","status":"publish","type":"product","link":"https:\/\/www.musicalmollet.com\/index.php\/producto\/microfono-inalambrico-ek-audio-cabeza\/","title":{"rendered":"Micr\u00f3fono Inal\u00e1mbrico EK Audio Cabeza WR-69L"},"content":{"rendered":"\n<p>Micr\u00f3fono Inal\u00e1mbrico de cabeza EK audio Sistema WR-69L VHF <\/p>\n<p>N\u00ba PRODUCTO: WR69LH<\/p>\n<p>Micr\u00f3fono Inal\u00e1mbrico de cabeza EK audio Sistema WR-69L VHF<\/p>\n<p>Con pantalla de informaci\u00f3n LCD<\/p>\n<p>Salida XLR equilibrado y salida de 1\/4 \u00bb<\/p>\n<p>No balanceadas.<\/p>\n<p>Un canal  VHF.<\/p>\n<p>Sistema inal\u00e1mbrico con Micr\u00f3fono solapa.<\/p>\n<p>DESCRIPCI\u00d3N DEL PRODUCTO<\/p>\n<p>RECEPTOR WR-69L<\/p>\n<p>Gama de frecuencia: 170-260MHz<\/p>\n<p>Sensibilidad de recepci\u00f3n: -95dBm WR69LH<\/p>\n<p>Rechazo de imagen de RF: -75dB<\/p>\n<p>Rango din\u00e1mico de audio: 95dB. T.H.D: <1%\n\nEstabilidad de frecuencia: \u00b1 0.002%\n\nRelaci\u00f3n S \/ N: > 70dB<\/p>\n<p>Borde al rechazo de canal> 70 dB<\/p>\n<p>Respuesta de frecuencia: 50Hz ~ 15KHz \u00b1 3dB<\/p>\n<p>Alimentaci\u00f3n: 13-15V DC nominal 200mA<\/p>\n<p>Dimensiones: 17,5 x 13,5 x 4,3 cm.<\/p>\n<p>PETACA PT-218<\/p>\n<p>Salida de RF:> 13dBm<\/p>\n<p>Tipo de modulaci\u00f3n: FM<\/p>\n<p>Grado de modulaci\u00f3n:> 30KHz<\/p>\n<p>Corriente de potencia: <110mA\n\nEstabilidad de frecuencia: \u00b1 0.002%\n\nArm\u00f3nica en grado superior: <60dB\n\nAlimentaci\u00f3n: 3V (2x1,5 V AA)\n\nDimensiones: 10,5 x 6,5 x 3 cm.\n\n\n\n\n\n \n\n46,00 \u20ac  \n\n(IVA incluido)  \n\n\nPocas existencias Pocas existencias\n\n\n\n\n \n\n\n\n\n\n\n\n\n\nBuscar\n\n<\/p>\n","protected":false},"excerpt":{"rendered":"<p>Micr\u00f3fono Inal\u00e1mbrico de cabeza EK audio Sistema WR-69L VHF N\u00ba PRODUCTO: WR69LH Micr\u00f3fono Inal\u00e1mbrico de cabeza EK audio Sistema WR-69L VHF Con pantalla de informaci\u00f3n LCD Salida XLR equilibrado y salida de 1\/4 \u00bb No balanceadas. Un canal VHF. Sistema inal\u00e1mbrico con Micr\u00f3fono solapa. DESCRIPCI\u00d3N DEL PRODUCTO RECEPTOR WR-69L Gama de frecuencia: 170-260MHz Sensibilidad de [&hellip;]<\/p>\n","protected":false},"featured_media":2996,"comment_status":"open","ping_status":"closed","template":"","meta":{"om_disable_all_campaigns":false},"product_cat":[54],"product_tag":[190],"class_list":["post-2995","product","type-product","status-publish","has-post-thumbnail","hentry","product_cat-microfonos","product_tag-microfono"],"aioseo_notices":[],"_links":{"self":[{"href":"https:\/\/www.musicalmollet.com\/index.php\/wp-json\/wp\/v2\/product\/2995","targetHints":{"allow":["GET"]}}],"collection":[{"href":"https:\/\/www.musicalmollet.com\/index.php\/wp-json\/wp\/v2\/product"}],"about":[{"href":"https:\/\/www.musicalmollet.com\/index.php\/wp-json\/wp\/v2\/types\/product"}],"replies":[{"embeddable":true,"href":"https:\/\/www.musicalmollet.com\/index.php\/wp-json\/wp\/v2\/comments?post=2995"}],"wp:featuredmedia":[{"embeddable":true,"href":"https:\/\/www.musicalmollet.com\/index.php\/wp-json\/wp\/v2\/media\/2996"}],"wp:attachment":[{"href":"https:\/\/www.musicalmollet.com\/index.php\/wp-json\/wp\/v2\/media?parent=2995"}],"wp:term":[{"taxonomy":"product_cat","embeddable":true,"href":"https:\/\/www.musicalmollet.com\/index.php\/wp-json\/wp\/v2\/product_cat?post=2995"},{"taxonomy":"product_tag","embeddable":true,"href":"https:\/\/www.musicalmollet.com\/index.php\/wp-json\/wp\/v2\/product_tag?post=2995"}],"curies":[{"name":"wp","href":"https:\/\/api.w.org\/{rel}","templated":true}]}}