{"id":3010,"date":"2018-11-22T18:22:07","date_gmt":"2018-11-22T17:22:07","guid":{"rendered":"http:\/\/www.musicalmollet.com\/wordpress\/?post_type=product&#038;p=3010"},"modified":"2018-11-22T18:22:07","modified_gmt":"2018-11-22T17:22:07","slug":"parche-evans-12-g2-coated-b12g2","status":"publish","type":"product","link":"https:\/\/www.musicalmollet.com\/index.php\/producto\/parche-evans-12-g2-coated-b12g2\/","title":{"rendered":"Parche Evans 12&#8243; G2 Coated B12G2"},"content":{"rendered":"<p>Parche para tambor de 12 pulgadas (305 mm) fabricado con dos capas de pel\u00edcula de 7 mil<br \/>\n\u2022 Las dos capas proporcionan consistencia y durabilidad para proporcionar un tiempo de ejecuci\u00f3n m\u00e1s prolongado<br \/>\n\u2022 Parche muy vers\u00e1til para todos los g\u00e9neros musicales; una opci\u00f3n para bateristas que s\u00ed funciona<br \/>\n\u2022 Recubierto para proporcionar calidez, enfoque y profundidad adicionales, adem\u00e1s de una apariencia transl\u00facida \u00fanica<br \/>\n\u2022 Todos los parches para tambor evans est\u00e1n dise\u00f1ados, procesados y fabricados en ee; uu <\/p>\n","protected":false},"excerpt":{"rendered":"<p>Parche para tambor de 12 pulgadas (305 mm) fabricado con dos capas de pel\u00edcula de 7 mil \u2022 Las dos capas proporcionan consistencia y durabilidad para proporcionar un tiempo de ejecuci\u00f3n m\u00e1s prolongado \u2022 Parche muy vers\u00e1til para todos los g\u00e9neros musicales; una opci\u00f3n para bateristas que s\u00ed funciona \u2022 Recubierto para proporcionar calidez, enfoque [&hellip;]<\/p>\n","protected":false},"featured_media":3011,"comment_status":"open","ping_status":"closed","template":"","meta":{"om_disable_all_campaigns":false},"product_cat":[303],"product_tag":[328],"class_list":["post-3010","product","type-product","status-publish","has-post-thumbnail","hentry","product_cat-parches-accesoriobateria","product_tag-parches"],"aioseo_notices":[],"_links":{"self":[{"href":"https:\/\/www.musicalmollet.com\/index.php\/wp-json\/wp\/v2\/product\/3010","targetHints":{"allow":["GET"]}}],"collection":[{"href":"https:\/\/www.musicalmollet.com\/index.php\/wp-json\/wp\/v2\/product"}],"about":[{"href":"https:\/\/www.musicalmollet.com\/index.php\/wp-json\/wp\/v2\/types\/product"}],"replies":[{"embeddable":true,"href":"https:\/\/www.musicalmollet.com\/index.php\/wp-json\/wp\/v2\/comments?post=3010"}],"wp:featuredmedia":[{"embeddable":true,"href":"https:\/\/www.musicalmollet.com\/index.php\/wp-json\/wp\/v2\/media\/3011"}],"wp:attachment":[{"href":"https:\/\/www.musicalmollet.com\/index.php\/wp-json\/wp\/v2\/media?parent=3010"}],"wp:term":[{"taxonomy":"product_cat","embeddable":true,"href":"https:\/\/www.musicalmollet.com\/index.php\/wp-json\/wp\/v2\/product_cat?post=3010"},{"taxonomy":"product_tag","embeddable":true,"href":"https:\/\/www.musicalmollet.com\/index.php\/wp-json\/wp\/v2\/product_tag?post=3010"}],"curies":[{"name":"wp","href":"https:\/\/api.w.org\/{rel}","templated":true}]}}