{"id":3056,"date":"2018-12-05T12:16:16","date_gmt":"2018-12-05T11:16:16","guid":{"rendered":"http:\/\/www.musicalmollet.com\/wordpress\/?post_type=product&#038;p=3056"},"modified":"2022-12-21T19:46:17","modified_gmt":"2022-12-21T18:46:17","slug":"caja-infantil-db-1090-12-x-5","status":"publish","type":"product","link":"https:\/\/www.musicalmollet.com\/index.php\/producto\/caja-infantil-db-1090-12-x-5\/","title":{"rendered":"Caja Infantil DB 1090 12&#8243; X 5&#8243;"},"content":{"rendered":"<p>CAJA INFANTIL DB-1090 ROJO VINO<\/p>\n<p>Casco de abedul y aros met\u00e1licos. 6 divisiones. Con bord\u00f3n externo<\/p>\n<p>Incluye baquetas, llave de tensi\u00f3n y correa<\/p>\n<p>Peso: 2,05Kg<\/p>\n<p>Rojo Vino<\/p>\n","protected":false},"excerpt":{"rendered":"<p>CAJA INFANTIL DB-1090 ROJO VINO Casco de abedul y aros met\u00e1licos. 6 divisiones. Con bord\u00f3n externo Incluye baquetas, llave de tensi\u00f3n y correa Peso: 2,05Kg Rojo Vino<\/p>\n","protected":false},"featured_media":3057,"comment_status":"open","ping_status":"closed","template":"","meta":{"om_disable_all_campaigns":false},"product_cat":[99],"product_tag":[165],"class_list":["post-3056","product","type-product","status-publish","has-post-thumbnail","hentry","product_cat-cajas-infantiles","product_tag-cajas"],"aioseo_notices":[],"_links":{"self":[{"href":"https:\/\/www.musicalmollet.com\/index.php\/wp-json\/wp\/v2\/product\/3056","targetHints":{"allow":["GET"]}}],"collection":[{"href":"https:\/\/www.musicalmollet.com\/index.php\/wp-json\/wp\/v2\/product"}],"about":[{"href":"https:\/\/www.musicalmollet.com\/index.php\/wp-json\/wp\/v2\/types\/product"}],"replies":[{"embeddable":true,"href":"https:\/\/www.musicalmollet.com\/index.php\/wp-json\/wp\/v2\/comments?post=3056"}],"wp:featuredmedia":[{"embeddable":true,"href":"https:\/\/www.musicalmollet.com\/index.php\/wp-json\/wp\/v2\/media\/3057"}],"wp:attachment":[{"href":"https:\/\/www.musicalmollet.com\/index.php\/wp-json\/wp\/v2\/media?parent=3056"}],"wp:term":[{"taxonomy":"product_cat","embeddable":true,"href":"https:\/\/www.musicalmollet.com\/index.php\/wp-json\/wp\/v2\/product_cat?post=3056"},{"taxonomy":"product_tag","embeddable":true,"href":"https:\/\/www.musicalmollet.com\/index.php\/wp-json\/wp\/v2\/product_tag?post=3056"}],"curies":[{"name":"wp","href":"https:\/\/api.w.org\/{rel}","templated":true}]}}